{"id":155,"date":"2022-08-30T09:38:22","date_gmt":"2022-08-30T07:38:22","guid":{"rendered":"https:\/\/www.cadillacstorepro.com\/?page_id=155"},"modified":"2024-06-21T22:47:34","modified_gmt":"2024-06-21T20:47:34","slug":"la-franchise","status":"publish","type":"page","link":"https:\/\/www.cadillacstorepro.com\/de\/la-franchise\/","title":{"rendered":"LE R\u00c9SEAU"},"content":{"rendered":"<div data-elementor-type=\"wp-page\" data-elementor-id=\"155\" class=\"elementor elementor-155\" data-elementor-post-type=\"page\">\n\t\t\t\t<div class=\"elementor-element elementor-element-5d65bdf e-flex e-con-boxed e-con e-parent\" data-id=\"5d65bdf\" data-element_type=\"container\" data-e-type=\"container\" data-settings=\"{&quot;background_background&quot;:&quot;classic&quot;}\">\n\t\t\t\t\t<div class=\"e-con-inner\">\n\t\t\t\t<div class=\"elementor-element elementor-element-a7afd1b elementor-invisible elementor-widget elementor-widget-heading\" data-id=\"a7afd1b\" data-element_type=\"widget\" data-e-type=\"widget\" data-settings=\"{&quot;_animation&quot;:&quot;fadeInDown&quot;}\" data-widget_type=\"heading.default\">\n\t\t\t\t\t<h1 class=\"elementor-heading-title elementor-size-default\">LE R\u00c9SEAU CADILLAC<\/h1>\t\t\t\t<\/div>\n\t\t\t\t<div class=\"elementor-element elementor-element-c8405e9 elementor-widget elementor-widget-text-editor\" data-id=\"c8405e9\" data-element_type=\"widget\" data-e-type=\"widget\" data-widget_type=\"text-editor.default\">\n\t\t\t\t\t\t\t\t\tNous r\u00e9volutionnons vos services pour les transformer en exp\u00e9riences uniques et innovantes !\t\t\t\t\t\t\t\t<\/div>\n\t\t\t\t<div class=\"elementor-element elementor-element-1b630c1 elementor-invisible elementor-widget elementor-widget-text-editor\" data-id=\"1b630c1\" data-element_type=\"widget\" data-e-type=\"widget\" data-settings=\"{&quot;_animation&quot;:&quot;fadeIn&quot;}\" data-widget_type=\"text-editor.default\">\n\t\t\t\t\t\t\t\t\t<p>Cadillac Barber est le <strong>premier r\u00e9seau de Barber Shops mobiles<\/strong> offrant des services de <strong>coiffure et barbier haut de gamme<\/strong>. Nous mettons \u00e0 votre disposition les meilleurs \u00e9quipements et des ressources d\u00e9di\u00e9es pour vous permettre de <strong>travailler en toute libert\u00e9<\/strong>, dans votre <strong>salon mobile<\/strong>, un <strong>shop \u00e9ph\u00e9m\u00e8re<\/strong>, <strong>\u00e0 domicile<\/strong>, sur votre<strong> lieu de travail<\/strong>, ou pour l&rsquo;<strong>animation d&rsquo;un \u00e9v\u00e9nemen<\/strong>t. Avec Cadillac Barber, c&rsquo;est la promesse d&rsquo;<strong>une exp\u00e9rience de qualit\u00e9, o\u00f9 que vous soyez<\/strong><\/p>\t\t\t\t\t\t\t\t<\/div>\n\t\t\t\t\t<\/div>\n\t\t\t\t<\/div>\n\t\t<div class=\"elementor-element elementor-element-84b4c98 e-flex e-con-boxed e-con e-parent\" data-id=\"84b4c98\" data-element_type=\"container\" data-e-type=\"container\" data-settings=\"{&quot;background_background&quot;:&quot;classic&quot;}\">\n\t\t\t\t\t<div class=\"e-con-inner\">\n\t\t<div class=\"elementor-element elementor-element-3c4a142 e-con-full e-flex e-con e-child\" data-id=\"3c4a142\" data-element_type=\"container\" data-e-type=\"container\" data-settings=\"{&quot;background_background&quot;:&quot;classic&quot;}\">\n\t\t\t\t<div class=\"elementor-element elementor-element-ffd9e9b elementor-widget elementor-widget-spacer\" data-id=\"ffd9e9b\" data-element_type=\"widget\" data-e-type=\"widget\" data-widget_type=\"spacer.default\">\n\t\t\t\t\t\t\t<div class=\"elementor-spacer\">\n\t\t\t<div class=\"elementor-spacer-inner\"><\/div>\n\t\t<\/div>\n\t\t\t\t\t\t<\/div>\n\t\t\t\t<\/div>\n\t\t<div class=\"elementor-element elementor-element-85a358e e-con-full e-flex e-con e-child\" data-id=\"85a358e\" data-element_type=\"container\" data-e-type=\"container\">\n\t\t\t\t<div class=\"elementor-element elementor-element-6daba3e animated-slow elementor-invisible elementor-widget elementor-widget-image\" data-id=\"6daba3e\" data-element_type=\"widget\" data-e-type=\"widget\" data-settings=\"{&quot;_animation&quot;:&quot;zoomIn&quot;,&quot;_animation_mobile&quot;:&quot;zoomIn&quot;}\" data-widget_type=\"image.default\">\n\t\t\t\t\t\t\t\t\t\t\t\t\t\t\t<img fetchpriority=\"high\" decoding=\"async\" width=\"300\" height=\"259\" src=\"https:\/\/www.cadillacstorepro.com\/wp-content\/uploads\/2022\/10\/logo-symbole-triangle-noir.png\" class=\"attachment-large size-large wp-image-3148\" alt=\"Cadillac Store,\" srcset=\"https:\/\/www.cadillacstorepro.com\/wp-content\/uploads\/2022\/10\/logo-symbole-triangle-noir.png 300w, https:\/\/www.cadillacstorepro.com\/wp-content\/uploads\/2022\/10\/logo-symbole-triangle-noir-14x12.png 14w\" sizes=\"(max-width: 300px) 100vw, 300px\" title=\"Cadillac Store,\">\t\t\t\t\t\t\t\t\t\t\t\t\t\t\t<\/div>\n\t\t\t\t<div class=\"elementor-element elementor-element-d252c5d elementor-widget elementor-widget-text-editor\" data-id=\"d252c5d\" data-element_type=\"widget\" data-e-type=\"widget\" data-settings=\"{&quot;_animation&quot;:&quot;none&quot;}\" data-widget_type=\"text-editor.default\">\n\t\t\t\t\t\t\t\t\t<p><span id=\"gmail-docs-internal-guid-e7ba70e6-7fff-5a2d-6961-1e0a5716dfc2\">Nous proposons aux entrepreneurs un nouveau format d\u2019entreprise avec un <strong>concept cl\u00e9 en main<\/strong>.\u00a0<\/span><\/p>\t\t\t\t\t\t\t\t<\/div>\n\t\t\t\t<div class=\"elementor-element elementor-element-6589dfd elementor-widget elementor-widget-text-editor\" data-id=\"6589dfd\" data-element_type=\"widget\" data-e-type=\"widget\" data-settings=\"{&quot;_animation&quot;:&quot;none&quot;}\" data-widget_type=\"text-editor.default\">\n\t\t\t\t\t\t\t\t\t<p>Celui-ci r\u00e9pond \u00e0 tous leurs besoins pour faire fonctionner un <strong>Barber Shop Mobile<\/strong> \u00e0 part enti\u00e8re. L&rsquo;ensemble du <strong>mat\u00e9riel<\/strong> n\u00e9cessaire est fourni pour effectuer des services de coiffure, barbe et petits soins esth\u00e9tiques en <strong>d\u00e9placement<\/strong>.<\/p>\t\t\t\t\t\t\t\t<\/div>\n\t\t\t\t<div class=\"elementor-element elementor-element-1e7f073 elementor-align-justify elementor-widget elementor-widget-button\" data-id=\"1e7f073\" data-element_type=\"widget\" data-e-type=\"widget\" data-widget_type=\"button.default\">\n\t\t\t\t\t\t\t\t\t\t<a class=\"elementor-button elementor-button-link elementor-size-md\" href=\"http:\/\/www.cadillacbarber.com\" target=\"_blank\" rel=\"noopener\">\n\t\t\t\t\t\t<span class=\"elementor-button-content-wrapper\">\n\t\t\t\t\t\t\t\t\t<span class=\"elementor-button-text\">devenir  franchis\u00e9<\/span>\n\t\t\t\t\t<\/span>\n\t\t\t\t\t<\/a>\n\t\t\t\t\t\t\t\t<\/div>\n\t\t\t\t<\/div>\n\t\t\t\t\t<\/div>\n\t\t\t\t<\/div>\n\t\t<div class=\"elementor-element elementor-element-f87b6a9 e-flex e-con-boxed e-con e-parent\" data-id=\"f87b6a9\" data-element_type=\"container\" data-e-type=\"container\" data-settings=\"{&quot;background_background&quot;:&quot;classic&quot;}\">\n\t\t\t\t\t<div class=\"e-con-inner\">\n\t\t<div class=\"elementor-element elementor-element-62218c7 e-con-full e-flex e-con e-child\" data-id=\"62218c7\" data-element_type=\"container\" data-e-type=\"container\">\n\t\t\t\t<div class=\"elementor-element elementor-element-9c48d9c elementor-widget elementor-widget-text-editor\" data-id=\"9c48d9c\" data-element_type=\"widget\" data-e-type=\"widget\" data-widget_type=\"text-editor.default\">\n\t\t\t\t\t\t\t\t\t<p dir=\"ltr\"><span id=\"gmail-docs-internal-guid-e7ba70e6-7fff-5a2d-6961-1e0a5716dfc2\">Nous nous assurons que l\u2019ensemble des techniques de coiffure soient connues et <strong>ma\u00eetris\u00e9es<\/strong> par l\u2019ensemble de nos <strong>franchis\u00e9s<\/strong>. <\/span><\/p><p dir=\"ltr\"><span id=\"gmail-docs-internal-guid-e7ba70e6-7fff-5a2d-6961-1e0a5716dfc2\">C\u2019est un gage de <strong>qualit\u00e9<\/strong> et de <strong>confiance<\/strong> pour les clients finaux.<\/span><\/p>\t\t\t\t\t\t\t\t<\/div>\n\t\t\t\t<div class=\"elementor-element elementor-element-6ea1af1 elementor-widget elementor-widget-text-editor\" data-id=\"6ea1af1\" data-element_type=\"widget\" data-e-type=\"widget\" data-settings=\"{&quot;_animation&quot;:&quot;none&quot;}\" data-widget_type=\"text-editor.default\">\n\t\t\t\t\t\t\t\t\t<p dir=\"ltr\"><span style=\"font-weight: 400;\">Les outils uniques et exclusifs fournis (fauteuil de barbier transportable, mallette intelligente, d\u00e9coration, etc.) permettent une <strong>qualit\u00e9 de service<\/strong>\u00a0et un\u00a0<strong>confort optimal<\/strong>.<\/span><\/p>\t\t\t\t\t\t\t\t<\/div>\n\t\t\t\t<div class=\"elementor-element elementor-element-1e92bd4 elementor-widget elementor-widget-text-editor\" data-id=\"1e92bd4\" data-element_type=\"widget\" data-e-type=\"widget\" data-settings=\"{&quot;_animation&quot;:&quot;none&quot;}\" data-widget_type=\"text-editor.default\">\n\t\t\t\t\t\t\t\t\tNos formations lors de l\u2019int\u00e9gration et tout au long de l\u2019activit\u00e9 nous permettent de donner \u00e0 nos franchis\u00e9s les <strong>cl\u00e9s de la r\u00e9ussite<\/strong>.\t\t\t\t\t\t\t\t<\/div>\n\t\t\t\t<\/div>\n\t\t<div class=\"elementor-element elementor-element-5a65556 e-con-full e-flex e-con e-child\" data-id=\"5a65556\" data-element_type=\"container\" data-e-type=\"container\" data-settings=\"{&quot;background_background&quot;:&quot;classic&quot;}\">\n\t\t\t\t<div class=\"elementor-element elementor-element-07863d4 elementor-widget elementor-widget-spacer\" data-id=\"07863d4\" data-element_type=\"widget\" data-e-type=\"widget\" data-widget_type=\"spacer.default\">\n\t\t\t\t\t\t\t<div class=\"elementor-spacer\">\n\t\t\t<div class=\"elementor-spacer-inner\"><\/div>\n\t\t<\/div>\n\t\t\t\t\t\t<\/div>\n\t\t\t\t<\/div>\n\t\t\t\t\t<\/div>\n\t\t\t\t<\/div>\n\t\t\t\t<\/div>","protected":false},"excerpt":{"rendered":"<p>LE R\u00c9SEAU CADILLAC Nous r\u00e9volutionnons vos services pour les transformer en exp\u00e9riences uniques et innovantes ! Cadillac Barber est le premier r\u00e9seau de Barber Shops mobiles offrant des services de coiffure et barbier haut de gamme. Nous mettons \u00e0 votre disposition les meilleurs \u00e9quipements et des ressources d\u00e9di\u00e9es pour vous permettre de travailler en toute [&hellip;]<\/p>\n","protected":false},"author":4,"featured_media":0,"parent":0,"menu_order":0,"comment_status":"closed","ping_status":"closed","template":"","meta":{"footnotes":""},"class_list":["post-155","page","type-page","status-publish","hentry"],"_links":{"self":[{"href":"https:\/\/www.cadillacstorepro.com\/de\/wp-json\/wp\/v2\/pages\/155","targetHints":{"allow":["GET"]}}],"collection":[{"href":"https:\/\/www.cadillacstorepro.com\/de\/wp-json\/wp\/v2\/pages"}],"about":[{"href":"https:\/\/www.cadillacstorepro.com\/de\/wp-json\/wp\/v2\/types\/page"}],"author":[{"embeddable":true,"href":"https:\/\/www.cadillacstorepro.com\/de\/wp-json\/wp\/v2\/users\/4"}],"replies":[{"embeddable":true,"href":"https:\/\/www.cadillacstorepro.com\/de\/wp-json\/wp\/v2\/comments?post=155"}],"version-history":[{"count":0,"href":"https:\/\/www.cadillacstorepro.com\/de\/wp-json\/wp\/v2\/pages\/155\/revisions"}],"wp:attachment":[{"href":"https:\/\/www.cadillacstorepro.com\/de\/wp-json\/wp\/v2\/media?parent=155"}],"curies":[{"name":"wp","href":"https:\/\/api.w.org\/{rel}","templated":true}]}}