{"id":165,"date":"2022-08-30T09:39:09","date_gmt":"2022-08-30T07:39:09","guid":{"rendered":"https:\/\/www.cadillacstorepro.com\/?page_id=165"},"modified":"2025-05-31T12:43:27","modified_gmt":"2025-05-31T10:43:27","slug":"politique-de-confidentialite","status":"publish","type":"page","link":"https:\/\/www.cadillacstorepro.com\/de\/politique-de-confidentialite\/","title":{"rendered":"DATENSCHUTZRICHTLINIE"},"content":{"rendered":"\t\t<div data-elementor-type=\"wp-page\" data-elementor-id=\"165\" class=\"elementor elementor-165\" data-elementor-post-type=\"page\">\n\t\t\t\t\t\t<section class=\"elementor-section elementor-top-section elementor-element elementor-element-aea8be6 elementor-section-stretched elementor-section-boxed elementor-section-height-default elementor-section-height-default\" data-id=\"aea8be6\" data-element_type=\"section\" data-e-type=\"section\" data-settings=\"{&quot;stretch_section&quot;:&quot;section-stretched&quot;,&quot;background_background&quot;:&quot;classic&quot;,&quot;background_motion_fx_motion_fx_scrolling&quot;:&quot;yes&quot;,&quot;background_motion_fx_devices&quot;:[&quot;desktop&quot;]}\">\n\t\t\t\t\t\t\t<div class=\"elementor-background-overlay\"><\/div>\n\t\t\t\t\t\t\t<div class=\"elementor-container elementor-column-gap-default\">\n\t\t\t\t\t<div class=\"elementor-column elementor-col-100 elementor-top-column elementor-element elementor-element-f7fea52\" data-id=\"f7fea52\" data-element_type=\"column\" data-e-type=\"column\">\n\t\t\t<div class=\"elementor-widget-wrap elementor-element-populated\">\n\t\t\t\t\t\t<div class=\"elementor-element elementor-element-29526ee elementor-hidden-desktop elementor-hidden-tablet elementor-widget elementor-widget-heading\" data-id=\"29526ee\" data-element_type=\"widget\" data-e-type=\"widget\" data-settings=\"{&quot;_animation_mobile&quot;:&quot;fadeInDown&quot;}\" data-widget_type=\"heading.default\">\n\t\t\t\t\t<h2 class=\"elementor-heading-title elementor-size-default\">Politique de confidentialit\u00e9<\/h2>\t\t\t\t<\/div>\n\t\t\t\t<section class=\"elementor-section elementor-inner-section elementor-element elementor-element-ab7260e elementor-section-boxed elementor-section-height-default elementor-section-height-default\" data-id=\"ab7260e\" data-element_type=\"section\" data-e-type=\"section\">\n\t\t\t\t\t\t<div class=\"elementor-container elementor-column-gap-default\">\n\t\t\t\t\t<div class=\"elementor-column elementor-col-100 elementor-inner-column elementor-element elementor-element-9f3bd23 elementor-invisible\" data-id=\"9f3bd23\" data-element_type=\"column\" data-e-type=\"column\" data-settings=\"{&quot;animation&quot;:&quot;fadeIn&quot;}\">\n\t\t\t<div class=\"elementor-widget-wrap elementor-element-populated\">\n\t\t\t\t\t\t<div class=\"elementor-element elementor-element-953cbf4 elementor-widget elementor-widget-heading\" data-id=\"953cbf4\" data-element_type=\"widget\" data-e-type=\"widget\" data-widget_type=\"heading.default\">\n\t\t\t\t\t<h2 class=\"elementor-heading-title elementor-size-default\">Application de la loi fran\u00e7aise<\/h2>\t\t\t\t<\/div>\n\t\t\t\t<div class=\"elementor-element elementor-element-5879e2a elementor-widget elementor-widget-text-editor\" data-id=\"5879e2a\" data-element_type=\"widget\" data-e-type=\"widget\" data-widget_type=\"text-editor.default\">\n\t\t\t\t\t\t\t\t\tLe r\u00e9seau Internet \u00e9tant par nature un r\u00e9seau mondial, mais le pr\u00e9sent site \u00e9tant destin\u00e9 \u00e0 un public fran\u00e7ais, les r\u00e8gles applicables \u00e0 tous les contenus sont d\u00e9termin\u00e9es par la loi fran\u00e7aise. En cas de litige, les tribunaux fran\u00e7ais seront seuls comp\u00e9tents.\t\t\t\t\t\t\t\t<\/div>\n\t\t\t\t\t<\/div>\n\t\t<\/div>\n\t\t\t\t\t<\/div>\n\t\t<\/section>\n\t\t\t\t<section class=\"elementor-section elementor-inner-section elementor-element elementor-element-a98d4ec elementor-section-boxed elementor-section-height-default elementor-section-height-default\" data-id=\"a98d4ec\" data-element_type=\"section\" data-e-type=\"section\">\n\t\t\t\t\t\t<div class=\"elementor-container elementor-column-gap-default\">\n\t\t\t\t\t<div class=\"elementor-column elementor-col-100 elementor-inner-column elementor-element elementor-element-5fae6d5 elementor-invisible\" data-id=\"5fae6d5\" data-element_type=\"column\" data-e-type=\"column\" data-settings=\"{&quot;animation&quot;:&quot;fadeIn&quot;}\">\n\t\t\t<div class=\"elementor-widget-wrap elementor-element-populated\">\n\t\t\t\t\t\t<div class=\"elementor-element elementor-element-3b7abd9 elementor-widget elementor-widget-heading\" data-id=\"3b7abd9\" data-element_type=\"widget\" data-e-type=\"widget\" data-widget_type=\"heading.default\">\n\t\t\t\t\t<h2 class=\"elementor-heading-title elementor-size-default\">1 \u2013 Politique de confidentialit\u00e9 des donn\u00e9es<\/h2>\t\t\t\t<\/div>\n\t\t\t\t<div class=\"elementor-element elementor-element-cd03815 elementor-widget elementor-widget-text-editor\" data-id=\"cd03815\" data-element_type=\"widget\" data-e-type=\"widget\" data-widget_type=\"text-editor.default\">\n\t\t\t\t\t\t\t\t\t<p>La politique de confidentialit\u00e9 a pour but de vous informer sur la collecte, le traitement et l\u2019utilisation (ci-apr\u00e8s \u00ab utilisation \u00bb) des donn\u00e9es personnelles. Se r\u00e9f\u00e9rer \u00e0 l\u2019article 8 pour savoir comment refuser l\u2019utilisation de vos donn\u00e9es personnelles conform\u00e9ment aux dispositions applicables sur la protection des donn\u00e9es.<\/p>\t\t\t\t\t\t\t\t<\/div>\n\t\t\t\t\t<\/div>\n\t\t<\/div>\n\t\t\t\t\t<\/div>\n\t\t<\/section>\n\t\t\t\t<section class=\"elementor-section elementor-inner-section elementor-element elementor-element-a39640a elementor-section-boxed elementor-section-height-default elementor-section-height-default\" data-id=\"a39640a\" data-element_type=\"section\" data-e-type=\"section\">\n\t\t\t\t\t\t<div class=\"elementor-container elementor-column-gap-default\">\n\t\t\t\t\t<div class=\"elementor-column elementor-col-100 elementor-inner-column elementor-element elementor-element-2ace7c8 elementor-invisible\" data-id=\"2ace7c8\" data-element_type=\"column\" data-e-type=\"column\" data-settings=\"{&quot;animation&quot;:&quot;fadeIn&quot;}\">\n\t\t\t<div class=\"elementor-widget-wrap elementor-element-populated\">\n\t\t\t\t\t\t<div class=\"elementor-element elementor-element-00041b1 elementor-widget elementor-widget-heading\" data-id=\"00041b1\" data-element_type=\"widget\" data-e-type=\"widget\" data-widget_type=\"heading.default\">\n\t\t\t\t\t<h2 class=\"elementor-heading-title elementor-size-default\">2 \u2013 Sujet de la confidentialit\u00e9 des donn\u00e9es<\/h2>\t\t\t\t<\/div>\n\t\t\t\t<div class=\"elementor-element elementor-element-c04ce7d elementor-widget elementor-widget-text-editor\" data-id=\"c04ce7d\" data-element_type=\"widget\" data-e-type=\"widget\" data-widget_type=\"text-editor.default\">\n\t\t\t\t\t\t\t\t\tLe sujet de la confidentialit\u00e9 des donn\u00e9es concerne les donn\u00e9es personnelles. Par donn\u00e9e personnelle, on entend \u00ab toute information relative \u00e0 une personne physique identifi\u00e9e ou qui peut \u00eatre identifi\u00e9e, directement ou indirectement, par r\u00e9f\u00e9rence \u00e0 un num\u00e9ro d\u2019identification ou \u00e0 un ou plusieurs \u00e9l\u00e9ments qui lui sont propres.\u00bb (extrait article 2 de la loi n\u00b078-17 du 6 janvier 1978). \nIl s\u2019agit par exemple : d\u2019un nom, d\u2019une adresse postale, d\u2019un num\u00e9ro de t\u00e9l\u00e9phone, l\u2019adresse e-mail, adresse IP.\t\t\t\t\t\t\t\t<\/div>\n\t\t\t\t\t<\/div>\n\t\t<\/div>\n\t\t\t\t\t<\/div>\n\t\t<\/section>\n\t\t\t\t<section class=\"elementor-section elementor-inner-section elementor-element elementor-element-f749c26 elementor-section-boxed elementor-section-height-default elementor-section-height-default\" data-id=\"f749c26\" data-element_type=\"section\" data-e-type=\"section\">\n\t\t\t\t\t\t<div class=\"elementor-container elementor-column-gap-default\">\n\t\t\t\t\t<div class=\"elementor-column elementor-col-100 elementor-inner-column elementor-element elementor-element-50708cc elementor-invisible\" data-id=\"50708cc\" data-element_type=\"column\" data-e-type=\"column\" data-settings=\"{&quot;animation&quot;:&quot;fadeIn&quot;}\">\n\t\t\t<div class=\"elementor-widget-wrap elementor-element-populated\">\n\t\t\t\t\t\t<div class=\"elementor-element elementor-element-cb262ad elementor-widget elementor-widget-heading\" data-id=\"cb262ad\" data-element_type=\"widget\" data-e-type=\"widget\" data-widget_type=\"heading.default\">\n\t\t\t\t\t<h2 class=\"elementor-heading-title elementor-size-default\">3 \u2013 Motifs de la collecte, du traitement ou de l\u2019utilisation des donn\u00e9es<\/h2>\t\t\t\t<\/div>\n\t\t\t\t<div class=\"elementor-element elementor-element-813f083 elementor-widget elementor-widget-text-editor\" data-id=\"813f083\" data-element_type=\"widget\" data-e-type=\"widget\" data-widget_type=\"text-editor.default\">\n\t\t\t\t\t\t\t\t\t<p>Notre entreprise collecte, traite et utilise (ci-apr\u00e8s \u00ab utilisation \u00bb) les donn\u00e9es personnelles demand\u00e9es pour la pr\u00e9paration, la conclusion, l\u2019ex\u00e9cution ou la r\u00e9siliation d\u2019une op\u00e9ration ou d\u2019une relation similaire \u00e0 une transaction avec vous et\/ou pour l\u2019utilisation de prestations que nous fournissons.<\/p><p>Ce rapport s\u2019\u00e9tablit, par exemple, lorsque vous nous contactez pour obtenir des informations sur notre entreprise ou nos services ou quand vous utilisez une connexion extranet en tant que client. Dans ce cas, notre entreprise utilise vos donn\u00e9es personnelles pour traiter votre demande.<\/p>\t\t\t\t\t\t\t\t<\/div>\n\t\t\t\t\t<\/div>\n\t\t<\/div>\n\t\t\t\t\t<\/div>\n\t\t<\/section>\n\t\t\t\t<section class=\"elementor-section elementor-inner-section elementor-element elementor-element-088a428 elementor-section-boxed elementor-section-height-default elementor-section-height-default\" data-id=\"088a428\" data-element_type=\"section\" data-e-type=\"section\">\n\t\t\t\t\t\t<div class=\"elementor-container elementor-column-gap-default\">\n\t\t\t\t\t<div class=\"elementor-column elementor-col-100 elementor-inner-column elementor-element elementor-element-c00cfa9 elementor-invisible\" data-id=\"c00cfa9\" data-element_type=\"column\" data-e-type=\"column\" data-settings=\"{&quot;animation&quot;:&quot;fadeIn&quot;}\">\n\t\t\t<div class=\"elementor-widget-wrap elementor-element-populated\">\n\t\t\t\t\t\t<div class=\"elementor-element elementor-element-2bb22bc elementor-widget elementor-widget-heading\" data-id=\"2bb22bc\" data-element_type=\"widget\" data-e-type=\"widget\" data-widget_type=\"heading.default\">\n\t\t\t\t\t<h2 class=\"elementor-heading-title elementor-size-default\">4 \u2013 Utilisation des donn\u00e9es personnelles \u00e0 des fins de publicit\u00e9 ou de marketing<\/h2>\t\t\t\t<\/div>\n\t\t\t\t<div class=\"elementor-element elementor-element-afaa828 elementor-widget elementor-widget-text-editor\" data-id=\"afaa828\" data-element_type=\"widget\" data-e-type=\"widget\" data-widget_type=\"text-editor.default\">\n\t\t\t\t\t\t\t\t\t<p>Si vous autorisez l\u2019utilisation de vos donn\u00e9es personnelles \u00e0 des fins de publicit\u00e9 ou de marketing, notre entreprise utilisera ces donn\u00e9es aux seules fins consenties (ex: newsletter) jusqu\u2019\u00e0 ce que vous annuliez votre consentement (voir article 8).<\/p><p>Cela signifie que notre entreprise peut vous contacter par le biais des moyens sp\u00e9cifi\u00e9s dans la d\u00e9claration de consentement (e-mail, t\u00e9l\u00e9phone, courrier, SMS, etc.) et vous envoyer des informations sur nos offres et services en fonction de l\u2019analyse des pages consult\u00e9es ou de vos crit\u00e8res de recherche sur notre site internet. De plus, notre entreprise utilise vos donn\u00e9es pour analyser l\u2019utilisation de son site internet \u00e0 des fins d\u2019am\u00e9lioration.<\/p><p>Le consentement \u00e0 utiliser vos donn\u00e9es personnelles \u00e0 des fins de publicit\u00e9 ou de marketing doit \u00eatre express\u00e9ment donn\u00e9, en cochant la case correspondante. Si vous souhaitez que vos donn\u00e9es personnelles ne soient plus utilis\u00e9es \u00e0 des fins de publicit\u00e9 ou de marketing, vous pouvez annuler cette autorisation \u00e0 tout moment. La proc\u00e9dure \u00e0 suivre est d\u00e9crite \u00e0 l\u2019article 8 ci-dessous (r\u00e9vocation).<\/p>\t\t\t\t\t\t\t\t<\/div>\n\t\t\t\t\t<\/div>\n\t\t<\/div>\n\t\t\t\t\t<\/div>\n\t\t<\/section>\n\t\t\t\t<section class=\"elementor-section elementor-inner-section elementor-element elementor-element-f64d70e elementor-section-boxed elementor-section-height-default elementor-section-height-default\" data-id=\"f64d70e\" data-element_type=\"section\" data-e-type=\"section\">\n\t\t\t\t\t\t<div class=\"elementor-container elementor-column-gap-default\">\n\t\t\t\t\t<div class=\"elementor-column elementor-col-100 elementor-inner-column elementor-element elementor-element-9bc0a58 elementor-invisible\" data-id=\"9bc0a58\" data-element_type=\"column\" data-e-type=\"column\" data-settings=\"{&quot;animation&quot;:&quot;fadeIn&quot;}\">\n\t\t\t<div class=\"elementor-widget-wrap elementor-element-populated\">\n\t\t\t\t\t\t<div class=\"elementor-element elementor-element-bcdc37a elementor-widget elementor-widget-heading\" data-id=\"bcdc37a\" data-element_type=\"widget\" data-e-type=\"widget\" data-widget_type=\"heading.default\">\n\t\t\t\t\t<h2 class=\"elementor-heading-title elementor-size-default\">5 \u2013 Destinataires ou cat\u00e9gories de destinataires auxquels les donn\u00e9es sont susceptibles d\u2019\u00eatre communiqu\u00e9es<\/h2>\t\t\t\t<\/div>\n\t\t\t\t<div class=\"elementor-element elementor-element-efd2c99 elementor-widget elementor-widget-text-editor\" data-id=\"efd2c99\" data-element_type=\"widget\" data-e-type=\"widget\" data-widget_type=\"text-editor.default\">\n\t\t\t\t\t\t\t\t\t<p>Pour traiter vos demandes, il peut s\u2019av\u00e9rer n\u00e9cessaire de transmettre vos donn\u00e9es personnelles \u00e0 des prestataires externes agissant exclusivement pour le compte de notre entreprise. Ainsi un prestataire charg\u00e9 de l\u2019envoi d\u2019une newsletter est un prestataire de service agissant selon les instructions de notre entreprise.<\/p><p>Notre entreprise garantit que les prestataires externes utilisent vos donn\u00e9es personnelles exclusivement en conformit\u00e9 avec ses instructions, cette charte de confidentialit\u00e9 et les dispositions l\u00e9gales r\u00e9gissant le traitement des donn\u00e9es contractuelles.<\/p><p>Nous maintenons confidentielles vos donn\u00e9es personnelles \u00e0 tout moment et ne les communique \u00e0 aucun tiers n\u2019agissant pas au nom de notre entreprise sauf si vous y avez consenti par \u00e9crit ou par voie \u00e9lectronique ou sauf si nous sommes contraints l\u00e9galement de le faire.<\/p>\t\t\t\t\t\t\t\t<\/div>\n\t\t\t\t\t<\/div>\n\t\t<\/div>\n\t\t\t\t\t<\/div>\n\t\t<\/section>\n\t\t\t\t<section class=\"elementor-section elementor-inner-section elementor-element elementor-element-1fe7761 elementor-section-boxed elementor-section-height-default elementor-section-height-default\" data-id=\"1fe7761\" data-element_type=\"section\" data-e-type=\"section\">\n\t\t\t\t\t\t<div class=\"elementor-container elementor-column-gap-default\">\n\t\t\t\t\t<div class=\"elementor-column elementor-col-100 elementor-inner-column elementor-element elementor-element-56c6e63 elementor-invisible\" data-id=\"56c6e63\" data-element_type=\"column\" data-e-type=\"column\" data-settings=\"{&quot;animation&quot;:&quot;fadeIn&quot;}\">\n\t\t\t<div class=\"elementor-widget-wrap elementor-element-populated\">\n\t\t\t\t\t\t<div class=\"elementor-element elementor-element-8e75898 elementor-widget elementor-widget-heading\" data-id=\"8e75898\" data-element_type=\"widget\" data-e-type=\"widget\" data-widget_type=\"heading.default\">\n\t\t\t\t\t<h2 class=\"elementor-heading-title elementor-size-default\"><p><b>FORMULAIRE DE PARTICIPATION \u00c0 LA <\/b><b style=\"color: var( --e-global-color-primary );letter-spacing: var( --e-global-typography-4ae8230-letter-spacing );background-color: var( --e-global-color-accent )\">LOTERIE PUBLICITAIRE AVEC ACCORD RGPD<\/b><span style=\"color: var( --e-global-color-primary );letter-spacing: var( --e-global-typography-4ae8230-letter-spacing );background-color: var( --e-global-color-accent )\"><\/span><\/p><\/h2>\t\t\t\t<\/div>\n\t\t\t\t<div class=\"elementor-element elementor-element-bd2bb6c elementor-widget elementor-widget-text-editor\" data-id=\"bd2bb6c\" data-element_type=\"widget\" data-e-type=\"widget\" data-widget_type=\"text-editor.default\">\n\t\t\t\t\t\t\t\t\t<p><span style=\"font-weight: 400;\">En soumettant ce formulaire, j&rsquo;accepte les termes et conditions suivants :<\/span><\/p><p>\u00a0<\/p><ul><li style=\"font-weight: 400;\" aria-level=\"1\"><span style=\"font-weight: 400;\">Utilisation des donn\u00e9es pour la participation \u00e0 la loterie : Je consens \u00e0 ce que les informations que j&rsquo;ai fournies soient utilis\u00e9es exclusivement pour g\u00e9rer ma participation \u00e0 la loterie publicitaire. Cela inclut la v\u00e9rification de l&rsquo;\u00e9ligibilit\u00e9, la notification des r\u00e9sultats et la distribution des prix.<\/span><\/li><\/ul><p>\u00a0<\/p><ul><li style=\"font-weight: 400;\" aria-level=\"1\"><span style=\"font-weight: 400;\">Communication li\u00e9e \u00e0 la loterie : J&rsquo;autorise \u00e9galement l&rsquo;utilisation de mes informations pour les besoins de la communication li\u00e9e \u00e0 la loterie publicitaire, tels que l&rsquo;annonce des gagnants, la publication de leurs pr\u00e9noms ou pseudonymes, et la promotion de la loterie sur les m\u00e9dias sociaux, le site Web de l&rsquo;organisateur ou d&rsquo;autres canaux de communication connexes.<\/span><\/li><\/ul><p>\u00a0<\/p><ul><li style=\"font-weight: 400;\" aria-level=\"1\"><span style=\"font-weight: 400;\">Conservation des donn\u00e9es : Mes donn\u00e9es personnelles seront conserv\u00e9es pendant la dur\u00e9e n\u00e9cessaire \u00e0 l&rsquo;administration de la loterie, conform\u00e9ment \u00e0 la l\u00e9gislation applicable.<\/span><\/li><\/ul><p>\u00a0<\/p><ul><li style=\"font-weight: 400;\" aria-level=\"1\"><span style=\"font-weight: 400;\">Droit d&rsquo;acc\u00e8s, de rectification et d&rsquo;effacement : Je comprends que j&rsquo;ai le droit d&rsquo;acc\u00e9der \u00e0 mes donn\u00e9es personnelles, de les rectifier si elles sont inexactes, et de demander leur effacement lorsque cela est justifi\u00e9.<\/span><\/li><\/ul><p>\u00a0<\/p><ul><li style=\"font-weight: 400;\" aria-level=\"1\"><span style=\"font-weight: 400;\">S\u00e9curit\u00e9 des donn\u00e9es : L&rsquo;organisateur de la loterie met en place des mesures de s\u00e9curit\u00e9 appropri\u00e9es pour prot\u00e9ger mes donn\u00e9es personnelles contre tout acc\u00e8s non autoris\u00e9, toute divulgation, toute alt\u00e9ration ou toute destruction.<\/span><\/li><\/ul><p>\u00a0<\/p><ul><li style=\"font-weight: 400;\" aria-level=\"1\"><span style=\"font-weight: 400;\">Tiers : Mes donn\u00e9es ne seront pas transmises \u00e0 des tiers non affili\u00e9s \u00e0 la loterie, sauf si cela est n\u00e9cessaire pour l&rsquo;administration de la loterie (par exemple, pour la livraison des prix).<\/span><\/li><\/ul><p>\u00a0<\/p><ul><li style=\"font-weight: 400;\" aria-level=\"1\"><span style=\"font-weight: 400;\">R\u00e9vocation du consentement : Je comprends que je peux r\u00e9voquer mon consentement \u00e0 tout moment en contactant l&rsquo;organisateur de la loterie.<\/span><\/li><\/ul><p>\u00a0<\/p><p><span style=\"font-weight: 400;\">En cochant cette case et en soumettant ce formulaire, je confirme avoir lu, compris et accept\u00e9 les termes de cette d\u00e9claration de consentement RGPD concernant l&rsquo;utilisation de mes donn\u00e9es personnelles pour la loterie publicitaire.<\/span><\/p>\t\t\t\t\t\t\t\t<\/div>\n\t\t\t\t\t<\/div>\n\t\t<\/div>\n\t\t\t\t\t<\/div>\n\t\t<\/section>\n\t\t\t\t\t<\/div>\n\t\t<\/div>\n\t\t\t\t\t<\/div>\n\t\t<\/section>\n\t\t\t\t<\/div>\n\t\t","protected":false},"excerpt":{"rendered":"<p>Politique de confidentialit\u00e9 Application de la loi fran\u00e7aise Le r\u00e9seau Internet \u00e9tant par nature un r\u00e9seau mondial, mais le pr\u00e9sent site \u00e9tant destin\u00e9 \u00e0 un public fran\u00e7ais, les r\u00e8gles applicables \u00e0 tous les contenus sont d\u00e9termin\u00e9es par la loi fran\u00e7aise. En cas de litige, les tribunaux fran\u00e7ais seront seuls comp\u00e9tents. 1 \u2013 Politique de confidentialit\u00e9 [&hellip;]<\/p>\n","protected":false},"author":3,"featured_media":0,"parent":0,"menu_order":0,"comment_status":"closed","ping_status":"closed","template":"","meta":{"footnotes":""},"class_list":["post-165","page","type-page","status-publish","hentry"],"_links":{"self":[{"href":"https:\/\/www.cadillacstorepro.com\/de\/wp-json\/wp\/v2\/pages\/165","targetHints":{"allow":["GET"]}}],"collection":[{"href":"https:\/\/www.cadillacstorepro.com\/de\/wp-json\/wp\/v2\/pages"}],"about":[{"href":"https:\/\/www.cadillacstorepro.com\/de\/wp-json\/wp\/v2\/types\/page"}],"author":[{"embeddable":true,"href":"https:\/\/www.cadillacstorepro.com\/de\/wp-json\/wp\/v2\/users\/3"}],"replies":[{"embeddable":true,"href":"https:\/\/www.cadillacstorepro.com\/de\/wp-json\/wp\/v2\/comments?post=165"}],"version-history":[{"count":0,"href":"https:\/\/www.cadillacstorepro.com\/de\/wp-json\/wp\/v2\/pages\/165\/revisions"}],"wp:attachment":[{"href":"https:\/\/www.cadillacstorepro.com\/de\/wp-json\/wp\/v2\/media?parent=165"}],"curies":[{"name":"wp","href":"https:\/\/api.w.org\/{rel}","templated":true}]}}