{"id":5425,"date":"2024-06-21T19:46:23","date_gmt":"2024-06-21T17:46:23","guid":{"rendered":"https:\/\/www.cadillacstorepro.com\/?page_id=5425"},"modified":"2024-06-21T22:47:31","modified_gmt":"2024-06-21T20:47:31","slug":"fauteuil-pliable-professionnel","status":"publish","type":"page","link":"https:\/\/www.cadillacstorepro.com\/de\/fauteuil-pliable-professionnel\/","title":{"rendered":"Fauteuil pliable pour coiffeur barbier en d\u00e9placement."},"content":{"rendered":"<div data-elementor-type=\"wp-page\" data-elementor-id=\"5425\" class=\"elementor elementor-5425\" data-elementor-post-type=\"page\">\n\t\t\t\t<div class=\"elementor-element elementor-element-22c9e65 e-con-full e-flex e-con e-parent\" data-id=\"22c9e65\" data-element_type=\"container\" data-e-type=\"container\" data-settings=\"{&quot;background_background&quot;:&quot;classic&quot;}\">\n\t\t<div class=\"elementor-element elementor-element-f3b9f1b e-con-full e-flex e-con e-child\" data-id=\"f3b9f1b\" data-element_type=\"container\" data-e-type=\"container\">\n\t\t\t\t<div class=\"elementor-element elementor-element-9fdf5e6 elementor-widget__width-inherit elementor-invisible elementor-widget elementor-widget-heading\" data-id=\"9fdf5e6\" data-element_type=\"widget\" data-e-type=\"widget\" data-settings=\"{&quot;_animation&quot;:&quot;zoomIn&quot;}\" data-widget_type=\"heading.default\">\n\t\t\t\t\t<h1 class=\"elementor-heading-title elementor-size-default\">Fauteuil pliable pour coiffeur barbier en d\u00e9placement<\/h1>\t\t\t\t<\/div>\n\t\t\t\t<div class=\"elementor-element elementor-element-cd5389d elementor-widget__width-inherit elementor-invisible elementor-widget elementor-widget-heading\" data-id=\"cd5389d\" data-element_type=\"widget\" data-e-type=\"widget\" data-settings=\"{&quot;_animation&quot;:&quot;fadeIn&quot;}\" data-widget_type=\"heading.default\">\n\t\t\t\t\t<p class=\"elementor-heading-title elementor-size-default\">D\u00e9couvrez NOMAD CHAIR, le fauteuil ergonomique pliable pour les professionnels du soin en Mobilit\u00e9<\/p>\t\t\t\t<\/div>\n\t\t\t\t<div class=\"elementor-element elementor-element-5e2d72d elementor-invisible elementor-widget elementor-widget-text-editor\" data-id=\"5e2d72d\" data-element_type=\"widget\" data-e-type=\"widget\" data-settings=\"{&quot;_animation&quot;:&quot;fadeIn&quot;}\" data-widget_type=\"text-editor.default\">\n\t\t\t\t\t\t\t\t\t<p>Avec Nomad Chair, \u00e9tendez vos horizons et offrez des prestations de qualit\u00e9 l\u00e0 o\u00f9 vos clients en ont besoin : \u00e0 domicile, en institution, dans un barber shop \u00e9ph\u00e9m\u00e8re, en formation ou lors d&rsquo;une animation \u00e9v\u00e9nementielle.<\/p><p>Que vous soyez coiffeur\u00b7se, barbier\u00b7\u00e8re, esth\u00e9ticien\u00b7ne ou maquilleur\u00b7se, le fauteuil pliable Nomad Chair est votre compagnon id\u00e9al. Ce si\u00e8ge ergonomique se plie en moins de 30 secondes, se transporte facilement (roulettes en option) et offre une solidit\u00e9 exceptionnelle pour repousser les limites de votre activit\u00e9. Il vous permet de vous d\u00e9placer librement tout en garantissant un confort optimal \u00e0 vos clients.<\/p><p>Parfait pour les rendez-vous \u00e0 domicile ou pour installer un salon \u00e9ph\u00e9m\u00e8re partout o\u00f9 vous le souhaitez, le fauteuil pliable et transportable vous aide \u00e0 \u00e9largir votre zone de chalandise et \u00e0 renforcer votre activit\u00e9 avec un \u00e9quipement de pointe. Il est \u00e9galement indispensable pour les centres de formation et les animations \u00e9v\u00e9nementielles, offrant une solution pratique et professionnelle.<\/p><p>Avec Nomad Chair, vous pouvez d\u00e9sormais offrir des services de coiffure et de barbier o\u00f9 que vous soyez, tout en assurant une exp\u00e9rience confortable et de haute qualit\u00e9 \u00e0 vos clients.<\/p>\t\t\t\t\t\t\t\t<\/div>\n\t\t\t\t<div class=\"elementor-element elementor-element-6524822 elementor-widget__width-inherit elementor-invisible elementor-widget elementor-widget-heading\" data-id=\"6524822\" data-element_type=\"widget\" data-e-type=\"widget\" data-settings=\"{&quot;_animation&quot;:&quot;fadeIn&quot;}\" data-widget_type=\"heading.default\">\n\t\t\t\t\t<h3 class=\"elementor-heading-title elementor-size-default\">Avec son design \u00e9l\u00e9gant, le fauteuil pliable NOMAD CHAIR incarne le professionnalisme, la modernit\u00e9 et la classe.<\/h3>\t\t\t\t<\/div>\n\t\t\t\t<\/div>\n\t\t<div class=\"elementor-element elementor-element-6d38cff e-con-full e-flex e-con e-child\" data-id=\"6d38cff\" data-element_type=\"container\" data-e-type=\"container\" data-settings=\"{&quot;background_background&quot;:&quot;classic&quot;,&quot;animation&quot;:&quot;none&quot;}\">\n\t\t\t\t<div class=\"elementor-element elementor-element-8772ead elementor-widget elementor-widget-spacer\" data-id=\"8772ead\" data-element_type=\"widget\" data-e-type=\"widget\" data-widget_type=\"spacer.default\">\n\t\t\t\t\t\t\t<div class=\"elementor-spacer\">\n\t\t\t<div class=\"elementor-spacer-inner\"><\/div>\n\t\t<\/div>\n\t\t\t\t\t\t<\/div>\n\t\t\t\t<div class=\"elementor-element elementor-element-17cd8ab elementor-widget elementor-widget-heading\" data-id=\"17cd8ab\" data-element_type=\"widget\" data-e-type=\"widget\" data-widget_type=\"heading.default\">\n\t\t\t\t\t<p class=\"elementor-heading-title elementor-size-default\"><a href=\"https:\/\/www.cadillacstorepro.com\/de\/\">Voir la vid\u00e9o<\/a><\/p>\t\t\t\t<\/div>\n\t\t\t\t<\/div>\n\t\t\t\t<\/div>\n\t\t<div class=\"elementor-element elementor-element-964e362 e-con-full e-flex e-con e-parent\" data-id=\"964e362\" data-element_type=\"container\" data-e-type=\"container\" data-settings=\"{&quot;background_background&quot;:&quot;classic&quot;}\">\n\t\t<div class=\"elementor-element elementor-element-c48ddca e-con-full e-flex e-con e-child\" data-id=\"c48ddca\" data-element_type=\"container\" data-e-type=\"container\" data-settings=\"{&quot;background_background&quot;:&quot;classic&quot;,&quot;animation&quot;:&quot;none&quot;}\">\n\t\t\t\t<div class=\"elementor-element elementor-element-7e69297 elementor-widget elementor-widget-spacer\" data-id=\"7e69297\" data-element_type=\"widget\" data-e-type=\"widget\" data-widget_type=\"spacer.default\">\n\t\t\t\t\t\t\t<div class=\"elementor-spacer\">\n\t\t\t<div class=\"elementor-spacer-inner\"><\/div>\n\t\t<\/div>\n\t\t\t\t\t\t<\/div>\n\t\t\t\t<\/div>\n\t\t<div class=\"elementor-element elementor-element-66e0645 e-con-full e-flex e-con e-child\" data-id=\"66e0645\" data-element_type=\"container\" data-e-type=\"container\">\n\t\t\t\t<div class=\"elementor-element elementor-element-cd2536d elementor-widget__width-inherit elementor-invisible elementor-widget elementor-widget-heading\" data-id=\"cd2536d\" data-element_type=\"widget\" data-e-type=\"widget\" data-settings=\"{&quot;_animation&quot;:&quot;zoomIn&quot;}\" data-widget_type=\"heading.default\">\n\t\t\t\t\t<h2 class=\"elementor-heading-title elementor-size-default\">Nomad Chair, le fauteuil pliable recommand\u00e9 par les professionnels<\/h2>\t\t\t\t<\/div>\n\t\t\t\t<div class=\"elementor-element elementor-element-2e397c9 elementor-widget__width-inherit elementor-invisible elementor-widget elementor-widget-heading\" data-id=\"2e397c9\" data-element_type=\"widget\" data-e-type=\"widget\" data-settings=\"{&quot;_animation&quot;:&quot;fadeIn&quot;}\" data-widget_type=\"heading.default\">\n\t\t\t\t\t<p class=\"elementor-heading-title elementor-size-default\">Un fauteuil pliable haut de gamme 100% fabriqu\u00e9 en France<\/p>\t\t\t\t<\/div>\n\t\t\t\t<div class=\"elementor-element elementor-element-6c08e6d elementor-widget__width-inherit elementor-invisible elementor-widget elementor-widget-heading\" data-id=\"6c08e6d\" data-element_type=\"widget\" data-e-type=\"widget\" data-settings=\"{&quot;_animation&quot;:&quot;fadeIn&quot;}\" data-widget_type=\"heading.default\">\n\t\t\t\t\t<h3 class=\"elementor-heading-title elementor-size-default\">Fauteuil ergonomique pliable pour coiffeurs \/ barbiers \/ esth\u00e9tique \/ maquillage<\/h3>\t\t\t\t<\/div>\n\t\t\t\t<div class=\"elementor-element elementor-element-c7d3da0 elementor-invisible elementor-widget elementor-widget-text-editor\" data-id=\"c7d3da0\" data-element_type=\"widget\" data-e-type=\"widget\" data-settings=\"{&quot;_animation&quot;:&quot;fadeIn&quot;}\" data-widget_type=\"text-editor.default\">\n\t\t\t\t\t\t\t\t\t<p>Nomad Chair se distingue par ses caract\u00e9ristiques exceptionnelles qui en font un choix incontournable pour les professionnels en d\u00e9placement :<\/p><ul><li><strong>Inclinaison r\u00e9glable jusqu&rsquo;\u00e0 140\u00b0<\/strong> : Adaptez l&rsquo;inclinaison du fauteuil selon les besoins de vos clients pour un confort optimal.<\/li><li><strong>Komfortable Sitzh\u00f6he einstellbar von 48 bis 68 cm<\/strong> : R\u00e9glez la hauteur de l&rsquo;assise pour s&rsquo;adapter parfaitement \u00e0 chaque situation.<\/li><li><strong>Repose-t\u00eate r\u00e9glable<\/strong> : Offrez un soutien maximal gr\u00e2ce au repose-t\u00eate ajustable.<\/li><li><strong>Repose-pied r\u00e9glable<\/strong> : Ajustez le repose-pied pour un confort personnalis\u00e9.<\/li><li><strong>Ultra\u2011robuste Struktur aus Kohlefaser und Aluminium<\/strong> : Profitez d&rsquo;une solidit\u00e9 \u00e0 toute \u00e9preuve avec des mat\u00e9riaux de haute qualit\u00e9.<\/li><\/ul>\t\t\t\t\t\t\t\t<\/div>\n\t\t\t\t<div class=\"elementor-element elementor-element-5ff13b6 elementor-widget__width-inherit elementor-invisible elementor-widget elementor-widget-heading\" data-id=\"5ff13b6\" data-element_type=\"widget\" data-e-type=\"widget\" data-settings=\"{&quot;_animation&quot;:&quot;zoomIn&quot;}\" data-widget_type=\"heading.default\">\n\t\t\t\t\t<p class=\"elementor-heading-title elementor-size-default\">Voir aussi : <u><a href=\"https:\/\/www.cadillacstorepro.com\/de\/nomad-chair\/\">Boutique Nomad Chair<\/a><\/u> \uff5c <u><a href=\"https:\/\/www.cadillacstorepro.com\/de\/my-nomad-chair\/\">Personnaliser un fauteuil<\/a><\/u><\/p>\t\t\t\t<\/div>\n\t\t\t\t<\/div>\n\t\t\t\t<\/div>\n\t\t<div class=\"elementor-element elementor-element-8e7aa48 e-flex e-con-boxed elementor-invisible e-con e-parent\" data-id=\"8e7aa48\" data-element_type=\"container\" data-e-type=\"container\" data-settings=\"{&quot;background_background&quot;:&quot;classic&quot;,&quot;animation&quot;:&quot;fadeIn&quot;}\">\n\t\t\t\t\t<div class=\"e-con-inner\">\n\t\t<div class=\"elementor-element elementor-element-d673eed e-con-full e-flex e-con e-child\" data-id=\"d673eed\" data-element_type=\"container\" data-e-type=\"container\">\n\t\t\t\t<div class=\"elementor-element elementor-element-8671dd6 elementor-widget elementor-widget-heading\" data-id=\"8671dd6\" data-element_type=\"widget\" data-e-type=\"widget\" data-widget_type=\"heading.default\">\n\t\t\t\t\t<p class=\"elementor-heading-title elementor-size-default\">Vous souhaitez en savoir plus  ?<\/p>\t\t\t\t<\/div>\n\t\t\t\t<div class=\"elementor-element elementor-element-418b5f8 elementor-widget elementor-widget-heading\" data-id=\"418b5f8\" data-element_type=\"widget\" data-e-type=\"widget\" data-widget_type=\"heading.default\">\n\t\t\t\t\t<p class=\"elementor-heading-title elementor-size-default\">Eine pers\u00f6nliche Beraterin ruft Sie kostenlos zur\u00fcck<\/p>\t\t\t\t<\/div>\n\t\t\t\t<\/div>\n\t\t\t\t<div class=\"elementor-element elementor-element-7feab7c elementor-align-center elementor-invisible elementor-widget elementor-widget-button\" data-id=\"7feab7c\" data-element_type=\"widget\" data-e-type=\"widget\" data-settings=\"{&quot;_animation&quot;:&quot;slideInDown&quot;}\" data-widget_type=\"button.default\">\n\t\t\t\t\t\t\t\t\t\t<a class=\"elementor-button elementor-button-link elementor-size-lg elementor-animation-grow\" href=\"https:\/\/www.cadillacstorepro.com\/de\/appel-gratuit\/\">\n\t\t\t\t\t\t<span class=\"elementor-button-content-wrapper\">\n\t\t\t\t\t\t<span class=\"elementor-button-icon\">\n\t\t\t\t<svg xmlns=\"http:\/\/www.w3.org\/2000\/svg\" id=\"Calque_2\" viewbox=\"0 0 304.13 305.98\"><defs><style>.cls-1{fill:#fff;}<\/style><\/defs><g id=\"Layer_1\"><path class=\"cls-1\" d=\"M284.14,217.68c-1.5-1.15-3.06-2.34-4.51-3.51-7.72-6.21-15.93-11.94-23.87-17.47-1.65-1.15-3.3-2.3-4.94-3.45-10.17-7.15-19.32-10.62-27.96-10.62-11.64,0-21.78,6.43-30.16,19.11-3.71,5.62-8.21,8.35-13.76,8.35-3.28,0-7.01-.94-11.08-2.78-32.83-14.89-56.28-37.72-69.68-67.85-6.48-14.56-4.38-24.08,7.03-31.83,6.48-4.4,18.53-12.58,17.68-28.25-.97-17.8-40.24-71.35-56.78-77.43-7.01-2.58-14.36-2.6-21.92-.06C25.18,8.28,11.53,19.51,4.72,34.36c-6.58,14.35-6.28,31.19,.86,48.72,20.64,50.67,49.65,94.84,86.25,131.29,35.82,35.68,79.84,64.91,130.84,86.88,4.6,1.98,9.42,3.06,12.94,3.84,1.2,.27,2.24,.5,2.99,.71,.41,.11,.84,.17,1.27,.18h.4s0,0,0,0c23.99,0,52.79-21.92,61.64-46.91,7.75-21.88-6.4-32.7-17.77-41.39Z\"><\/path><\/g><\/svg>\t\t\t<\/span>\n\t\t\t\t\t\t\t\t\t<span class=\"elementor-button-text\">DEMANDEZ UNE DEMO<\/span>\n\t\t\t\t\t<\/span>\n\t\t\t\t\t<\/a>\n\t\t\t\t\t\t\t\t<\/div>\n\t\t\t\t\t<\/div>\n\t\t\t\t<\/div>\n\t\t\t\t<\/div>","protected":false},"excerpt":{"rendered":"<p>Fauteuil pliable pour coiffeur barbier en d\u00e9placement D\u00e9couvrez NOMAD CHAIR, le fauteuil ergonomique pliable pour les professionnels du soin en Mobilit\u00e9 Avec Nomad Chair, \u00e9tendez vos horizons et offrez des prestations de qualit\u00e9 l\u00e0 o\u00f9 vos clients en ont besoin : \u00e0 domicile, en institution, dans un barber shop \u00e9ph\u00e9m\u00e8re, en formation ou lors d&rsquo;une [&hellip;]<\/p>\n","protected":false},"author":4,"featured_media":0,"parent":0,"menu_order":0,"comment_status":"closed","ping_status":"closed","template":"","meta":{"footnotes":""},"class_list":["post-5425","page","type-page","status-publish","hentry"],"_links":{"self":[{"href":"https:\/\/www.cadillacstorepro.com\/de\/wp-json\/wp\/v2\/pages\/5425","targetHints":{"allow":["GET"]}}],"collection":[{"href":"https:\/\/www.cadillacstorepro.com\/de\/wp-json\/wp\/v2\/pages"}],"about":[{"href":"https:\/\/www.cadillacstorepro.com\/de\/wp-json\/wp\/v2\/types\/page"}],"author":[{"embeddable":true,"href":"https:\/\/www.cadillacstorepro.com\/de\/wp-json\/wp\/v2\/users\/4"}],"replies":[{"embeddable":true,"href":"https:\/\/www.cadillacstorepro.com\/de\/wp-json\/wp\/v2\/comments?post=5425"}],"version-history":[{"count":0,"href":"https:\/\/www.cadillacstorepro.com\/de\/wp-json\/wp\/v2\/pages\/5425\/revisions"}],"wp:attachment":[{"href":"https:\/\/www.cadillacstorepro.com\/de\/wp-json\/wp\/v2\/media?parent=5425"}],"curies":[{"name":"wp","href":"https:\/\/api.w.org\/{rel}","templated":true}]}}