{"id":6491,"date":"2024-04-15T10:52:03","date_gmt":"2024-04-15T08:52:03","guid":{"rendered":"https:\/\/www.cadillacstorepro.com\/?page_id=6491"},"modified":"2024-06-21T22:49:05","modified_gmt":"2024-06-21T20:49:05","slug":"cadillac-exclusive","status":"publish","type":"page","link":"https:\/\/www.cadillacstorepro.com\/de\/cadillac-exclusive\/","title":{"rendered":"Cadillac Exclusive"},"content":{"rendered":"\t\t<div data-elementor-type=\"wp-page\" data-elementor-id=\"6491\" class=\"elementor elementor-6491\" data-elementor-post-type=\"page\">\n\t\t\t\t<div class=\"elementor-element elementor-element-b7a4e31 e-con-full e-flex e-con e-parent\" data-id=\"b7a4e31\" data-element_type=\"container\" data-e-type=\"container\" data-settings=\"{&quot;background_background&quot;:&quot;classic&quot;}\">\n\t\t<div class=\"elementor-element elementor-element-a2df0cd e-con-full e-flex e-con e-child\" data-id=\"a2df0cd\" data-element_type=\"container\" data-e-type=\"container\">\n\t\t\t\t<div class=\"elementor-element elementor-element-1dce1e6 elementor-invisible elementor-widget elementor-widget-text-editor\" data-id=\"1dce1e6\" data-element_type=\"widget\" data-e-type=\"widget\" data-settings=\"{&quot;_animation&quot;:&quot;fadeInDown&quot;}\" data-widget_type=\"text-editor.default\">\n\t\t\t\t\t\t\t\t\t<p>CADILLAC EXCLUSIVE<\/p>\t\t\t\t\t\t\t\t<\/div>\n\t\t\t\t<div class=\"elementor-element elementor-element-6abf2ff elementor-widget__width-inherit elementor-invisible elementor-widget elementor-widget-heading\" data-id=\"6abf2ff\" data-element_type=\"widget\" data-e-type=\"widget\" data-settings=\"{&quot;_animation&quot;:&quot;zoomIn&quot;}\" data-widget_type=\"heading.default\">\n\t\t\t\t\t<h3 class=\"elementor-heading-title elementor-size-default\">L'Art du Barbier pour votre confort<\/h3>\t\t\t\t<\/div>\n\t\t\t\t<div class=\"elementor-element elementor-element-8f7c1ff elementor-invisible elementor-widget elementor-widget-text-editor\" data-id=\"8f7c1ff\" data-element_type=\"widget\" data-e-type=\"widget\" data-settings=\"{&quot;_animation&quot;:&quot;fadeIn&quot;}\" data-widget_type=\"text-editor.default\">\n\t\t\t\t\t\t\t\t\t<p><strong>Cadillac Exclusive<\/strong> ne se contente pas de vous offrir un service de barbier, mais vous convie \u00e0 une exp\u00e9rience de luxe et de confort sans \u00e9gal. Votre barbier se d\u00e9place \u00e0 l&rsquo;endroit de votre choix, prenant le temps de s&rsquo;occuper de vous, d&rsquo;\u00e9couter et de comprendre vos besoins sp\u00e9cifiques. Vous ne b\u00e9n\u00e9ficierez pas seulement d&rsquo;une coupe de cheveux ou d&rsquo;un soin de barbe, mais \u00e9galement d&rsquo;un environnement enti\u00e8rement d\u00e9di\u00e9 \u00e0 votre relaxation et \u00e0 des soins personnalis\u00e9s. Ce sont l&rsquo;exclusivit\u00e9, le luxe, le raffinement et la haute qualit\u00e9 qui d\u00e9finissent nos services, vous offrant une exp\u00e9rience inoubliable et unique.<\/p>\t\t\t\t\t\t\t\t<\/div>\n\t\t\t\t<\/div>\n\t\t<div class=\"elementor-element elementor-element-137c1f6 e-con-full e-flex elementor-invisible e-con e-child\" data-id=\"137c1f6\" data-element_type=\"container\" data-e-type=\"container\" data-settings=\"{&quot;background_background&quot;:&quot;classic&quot;,&quot;animation&quot;:&quot;fadeInRight&quot;}\">\n\t\t\t\t<\/div>\n\t\t\t\t<\/div>\n\t\t<div class=\"elementor-element elementor-element-fb30188 e-flex e-con-boxed e-con e-parent\" data-id=\"fb30188\" data-element_type=\"container\" data-e-type=\"container\" data-settings=\"{&quot;background_background&quot;:&quot;classic&quot;}\">\n\t\t\t\t\t<div class=\"e-con-inner\">\n\t\t<div class=\"elementor-element elementor-element-3c6c977 e-flex e-con-boxed e-con e-child\" data-id=\"3c6c977\" data-element_type=\"container\" data-e-type=\"container\">\n\t\t\t\t\t<div class=\"e-con-inner\">\n\t\t\t\t<div class=\"elementor-element elementor-element-3ee7ff4 elementor-widget__width-auto elementor-view-default elementor-widget elementor-widget-icon\" data-id=\"3ee7ff4\" data-element_type=\"widget\" data-e-type=\"widget\" data-widget_type=\"icon.default\">\n\t\t\t\t\t\t\t<div class=\"elementor-icon-wrapper\">\n\t\t\t<div class=\"elementor-icon\">\n\t\t\t<i aria-hidden=\"true\" class=\"fas fa-mobile-alt\"><\/i>\t\t\t<\/div>\n\t\t<\/div>\n\t\t\t\t\t\t<\/div>\n\t\t\t\t<div class=\"elementor-element elementor-element-bd3f9bb elementor-widget__width-auto elementor-invisible elementor-widget elementor-widget-heading\" data-id=\"bd3f9bb\" data-element_type=\"widget\" data-e-type=\"widget\" data-settings=\"{&quot;_animation&quot;:&quot;zoomIn&quot;}\" data-widget_type=\"heading.default\">\n\t\t\t\t\t<h3 class=\"elementor-heading-title elementor-size-default\">CONTACT<\/h3>\t\t\t\t<\/div>\n\t\t\t\t<div class=\"elementor-element elementor-element-d6afb8d elementor-widget__width-auto elementor-invisible elementor-widget elementor-widget-heading\" data-id=\"d6afb8d\" data-element_type=\"widget\" data-e-type=\"widget\" data-settings=\"{&quot;_animation&quot;:&quot;zoomIn&quot;}\" data-widget_type=\"heading.default\">\n\t\t\t\t\t<h3 class=\"elementor-heading-title elementor-size-default\"><a href=\"tel:+33644182600\">06 44 18 26 00<\/a><\/h3>\t\t\t\t<\/div>\n\t\t\t\t\t<\/div>\n\t\t\t\t<\/div>\n\t\t\t\t<div class=\"elementor-element elementor-element-7ccf0c2 elementor-widget-divider--view-line elementor-widget elementor-widget-divider\" data-id=\"7ccf0c2\" data-element_type=\"widget\" data-e-type=\"widget\" data-widget_type=\"divider.default\">\n\t\t\t\t\t\t\t<div class=\"elementor-divider\">\n\t\t\t<span class=\"elementor-divider-separator\">\n\t\t\t\t\t\t<\/span>\n\t\t<\/div>\n\t\t\t\t\t\t<\/div>\n\t\t\t\t\t<\/div>\n\t\t\t\t<\/div>\n\t\t<div class=\"elementor-element elementor-element-7bf92bc e-flex e-con-boxed e-con e-child\" data-id=\"7bf92bc\" data-element_type=\"container\" data-e-type=\"container\" data-settings=\"{&quot;background_background&quot;:&quot;classic&quot;}\">\n\t\t\t\t\t<div class=\"e-con-inner\">\n\t\t<div class=\"elementor-element elementor-element-84b7021 e-con-full e-flex e-con e-child\" data-id=\"84b7021\" data-element_type=\"container\" data-e-type=\"container\">\n\t\t\t\t<\/div>\n\t\t<div class=\"elementor-element elementor-element-367248c e-con-full e-flex e-con e-child\" data-id=\"367248c\" data-element_type=\"container\" data-e-type=\"container\">\n\t\t\t\t<div class=\"elementor-element elementor-element-5f95d0c elementor-widget__width-inherit elementor-invisible elementor-widget elementor-widget-heading\" data-id=\"5f95d0c\" data-element_type=\"widget\" data-e-type=\"widget\" data-settings=\"{&quot;_animation&quot;:&quot;zoomIn&quot;}\" data-widget_type=\"heading.default\">\n\t\t\t\t\t<h3 class=\"elementor-heading-title elementor-size-default\">Demander un rappel<\/h3>\t\t\t\t<\/div>\n\t\t\t\t<div class=\"elementor-element elementor-element-b9dbad7 elementor-widget elementor-widget-text-editor\" data-id=\"b9dbad7\" data-element_type=\"widget\" data-e-type=\"widget\" data-widget_type=\"text-editor.default\">\n\t\t\t\t\t\t\t\t\t<p>Indiquez votre num\u00e9ro de t\u00e9l\u00e9phone,<br \/>nous vous rappelons d\u00e8s que possible.<\/p>\t\t\t\t\t\t\t\t<\/div>\n\t\t\t\t<div class=\"elementor-element elementor-element-a3d074c elementor-button-align-stretch elementor-widget elementor-widget-form\" data-id=\"a3d074c\" data-element_type=\"widget\" data-e-type=\"widget\" data-settings=\"{&quot;step_next_label&quot;:&quot;Suivant&quot;,&quot;step_previous_label&quot;:&quot;Pr\\u00e9c\\u00e9dent&quot;,&quot;button_width&quot;:&quot;100&quot;,&quot;step_type&quot;:&quot;number_text&quot;,&quot;step_icon_shape&quot;:&quot;circle&quot;}\" data-widget_type=\"form.default\">\n\t\t\t\t\t\t\t<form class=\"elementor-form\" method=\"post\" name=\"Nouveau formulaire\" aria-label=\"Nouveau formulaire\">\r\n\t\t\t<input type=\"hidden\" name=\"post_id\" value=\"6491\"\/>\r\n\t\t\t<input type=\"hidden\" name=\"form_id\" value=\"a3d074c\"\/>\r\n\t\t\t<input type=\"hidden\" name=\"referer_title\" value=\"\" \/>\r\n\r\n\t\t\t\r\n\t\t\t<div class=\"elementor-form-fields-wrapper elementor-labels-\">\r\n\t\t\t\t\t\t\t\t<div class=\"elementor-field-type-text elementor-field-group elementor-column elementor-field-group-field_5118124 elementor-col-100 elementor-field-required\">\r\n\t\t\t\t\t\t\t\t\t\t\t\t<label for=\"form-field-field_5118124\" class=\"elementor-field-label elementor-screen-only\">\r\n\t\t\t\t\t\t\t\tT\u00e9l\u00e9phone\t\t\t\t\t\t\t<\/label>\r\n\t\t\t\t\t\t\t\t\t\t\t\t\t\t<input size=\"1\" type=\"text\" name=\"form_fields[field_5118124]\" id=\"form-field-field_5118124\" class=\"elementor-field elementor-size-sm  elementor-field-textual\" placeholder=\"T\u00e9l\u00e9phone\" required=\"required\">\r\n\t\t\t\t\t\t\t\t\t\t\t<\/div>\r\n\t\t\t\t\t\t\t\t<div class=\"elementor-field-type-acceptance elementor-field-group elementor-column elementor-field-group-field_2847d2e elementor-col-100 elementor-field-required\">\r\n\t\t\t\t\t\t\t<div class=\"elementor-field-subgroup\">\r\n\t\t\t<span class=\"elementor-field-option\">\r\n\t\t\t\t<input type=\"checkbox\" name=\"form_fields[field_2847d2e]\" id=\"form-field-field_2847d2e\" class=\"elementor-field elementor-size-sm  elementor-acceptance-field\" required=\"required\">\r\n\t\t\t\t<label for=\"form-field-field_2847d2e\">Je consens \u00e0 l'utilisation de ces informations dans le cadre de ma demande de rappel.<\/label>\t\t\t<\/span>\r\n\t\t<\/div>\r\n\t\t\t\t\t\t<\/div>\r\n\t\t\t\t\t\t\t\t<div class=\"elementor-field-type-text\">\r\n\t\t\t\t\t<input size=\"1\" type=\"text\" name=\"form_fields[field_c3877f7]\" id=\"form-field-field_c3877f7\" class=\"elementor-field elementor-size-sm \" style=\"display:none !important;\">\t\t\t\t<\/div>\r\n\t\t\t\t\t\t\t\t<div class=\"elementor-field-type-recaptcha_v3 elementor-field-group elementor-column elementor-field-group-field_bae0d71 elementor-col-100 recaptcha_v3-bottomright\">\r\n\t\t\t\t\t<div class=\"elementor-field\" id=\"form-field-field_bae0d71\"><div class=\"elementor-g-recaptcha\" data-sitekey=\"6LfTxc8pAAAAAJ0wgeLLpDk3qpCQC7eRZeVuN0Rm\" data-type=\"v3\" data-action=\"Form\" data-badge=\"bottomright\" data-size=\"invisible\"><\/div><\/div>\t\t\t\t<\/div>\r\n\t\t\t\t\t\t\t\t<div class=\"elementor-field-group elementor-column elementor-field-type-submit elementor-col-100 e-form__buttons\">\r\n\t\t\t\t\t<button class=\"elementor-button elementor-size-sm\" type=\"submit\">\r\n\t\t\t\t\t\t<span class=\"elementor-button-content-wrapper\">\r\n\t\t\t\t\t\t\t\t\t\t\t\t\t\t\t\t\t\t\t\t\t\t<span class=\"elementor-button-text\">Envoyer<\/span>\r\n\t\t\t\t\t\t\t\t\t\t\t\t\t<\/span>\r\n\t\t\t\t\t<\/button>\r\n\t\t\t\t<\/div>\r\n\t\t\t<\/div>\r\n\t\t<\/form>\r\n\t\t\t\t\t\t<\/div>\n\t\t\t\t<\/div>\n\t\t<div class=\"elementor-element elementor-element-a91a7ff e-con-full e-flex e-con e-child\" data-id=\"a91a7ff\" data-element_type=\"container\" data-e-type=\"container\">\n\t\t\t\t<\/div>\n\t\t\t\t\t<\/div>\n\t\t\t\t<\/div>\n\t\t\t\t<\/div>\n\t\t","protected":false},"excerpt":{"rendered":"<p>CADILLAC EXCLUSIVE L&rsquo;Art du Barbier pour votre confort Cadillac Exclusive ne se contente pas de vous offrir un service de barbier, mais vous convie \u00e0 une exp\u00e9rience de luxe et de confort sans \u00e9gal. Votre barbier se d\u00e9place \u00e0 l&rsquo;endroit de votre choix, prenant le temps de s&rsquo;occuper de vous, d&rsquo;\u00e9couter et de comprendre vos [&hellip;]<\/p>\n","protected":false},"author":4,"featured_media":0,"parent":0,"menu_order":0,"comment_status":"closed","ping_status":"closed","template":"","meta":{"footnotes":""},"class_list":["post-6491","page","type-page","status-publish","hentry"],"_links":{"self":[{"href":"https:\/\/www.cadillacstorepro.com\/de\/wp-json\/wp\/v2\/pages\/6491","targetHints":{"allow":["GET"]}}],"collection":[{"href":"https:\/\/www.cadillacstorepro.com\/de\/wp-json\/wp\/v2\/pages"}],"about":[{"href":"https:\/\/www.cadillacstorepro.com\/de\/wp-json\/wp\/v2\/types\/page"}],"author":[{"embeddable":true,"href":"https:\/\/www.cadillacstorepro.com\/de\/wp-json\/wp\/v2\/users\/4"}],"replies":[{"embeddable":true,"href":"https:\/\/www.cadillacstorepro.com\/de\/wp-json\/wp\/v2\/comments?post=6491"}],"version-history":[{"count":0,"href":"https:\/\/www.cadillacstorepro.com\/de\/wp-json\/wp\/v2\/pages\/6491\/revisions"}],"wp:attachment":[{"href":"https:\/\/www.cadillacstorepro.com\/de\/wp-json\/wp\/v2\/media?parent=6491"}],"curies":[{"name":"wp","href":"https:\/\/api.w.org\/{rel}","templated":true}]}}