{"id":6805,"date":"2024-04-22T09:17:11","date_gmt":"2024-04-22T07:17:11","guid":{"rendered":"https:\/\/www.cadillacstorepro.com\/?page_id=6805"},"modified":"2026-01-21T11:03:17","modified_gmt":"2026-01-21T10:03:17","slug":"appel-gratuit","status":"publish","type":"page","link":"https:\/\/www.cadillacstorepro.com\/de\/appel-gratuit\/","title":{"rendered":"Appel gratuit"},"content":{"rendered":"\t\t<div data-elementor-type=\"wp-page\" data-elementor-id=\"6805\" class=\"elementor elementor-6805\" data-elementor-post-type=\"page\">\n\t\t\t\t<div class=\"elementor-element elementor-element-b834c0c e-flex e-con-boxed e-con e-parent\" data-id=\"b834c0c\" data-element_type=\"container\" data-e-type=\"container\" data-settings=\"{&quot;background_background&quot;:&quot;classic&quot;}\">\n\t\t\t\t\t<div class=\"e-con-inner\">\n\t\t\t\t<div class=\"elementor-element elementor-element-70a102d elementor-widget__width-inherit elementor-invisible elementor-widget elementor-widget-heading\" data-id=\"70a102d\" data-element_type=\"widget\" data-e-type=\"widget\" data-settings=\"{&quot;_animation&quot;:&quot;zoomIn&quot;}\" data-widget_type=\"heading.default\">\n\t\t\t\t\t<h3 class=\"elementor-heading-title elementor-size-default\">Vous avez besoin d'un renseignement ?<\/h3>\t\t\t\t<\/div>\n\t\t\t\t<div class=\"elementor-element elementor-element-a3e3787 elementor-widget__width-inherit elementor-invisible elementor-widget elementor-widget-heading\" data-id=\"a3e3787\" data-element_type=\"widget\" data-e-type=\"widget\" data-settings=\"{&quot;_animation&quot;:&quot;fadeIn&quot;}\" data-widget_type=\"heading.default\">\n\t\t\t\t\t<h4 class=\"elementor-heading-title elementor-size-default\">Discutez au t\u00e9l\u00e9phone avec votre conseill\u00e8re<\/h4>\t\t\t\t<\/div>\n\t\t<div class=\"elementor-element elementor-element-8ba0938 e-flex e-con-boxed e-con e-child\" data-id=\"8ba0938\" data-element_type=\"container\" data-e-type=\"container\">\n\t\t\t\t\t<div class=\"e-con-inner\">\n\t\t\t\t<div class=\"elementor-element elementor-element-b25cac8 elementor-widget__width-auto elementor-view-default elementor-widget elementor-widget-icon\" data-id=\"b25cac8\" data-element_type=\"widget\" data-e-type=\"widget\" data-widget_type=\"icon.default\">\n\t\t\t\t\t\t\t<div class=\"elementor-icon-wrapper\">\n\t\t\t<div class=\"elementor-icon\">\n\t\t\t<i aria-hidden=\"true\" class=\"fas fa-mobile-alt\"><\/i>\t\t\t<\/div>\n\t\t<\/div>\n\t\t\t\t\t\t<\/div>\n\t\t\t\t<div class=\"elementor-element elementor-element-d8cea58 elementor-widget__width-auto elementor-invisible elementor-widget elementor-widget-heading\" data-id=\"d8cea58\" data-element_type=\"widget\" data-e-type=\"widget\" data-settings=\"{&quot;_animation&quot;:&quot;zoomIn&quot;}\" data-widget_type=\"heading.default\">\n\t\t\t\t\t<h3 class=\"elementor-heading-title elementor-size-default\">CONTACT<\/h3>\t\t\t\t<\/div>\n\t\t\t\t<div class=\"elementor-element elementor-element-073e337 elementor-widget__width-auto elementor-invisible elementor-widget elementor-widget-heading\" data-id=\"073e337\" data-element_type=\"widget\" data-e-type=\"widget\" data-settings=\"{&quot;_animation&quot;:&quot;zoomIn&quot;}\" data-widget_type=\"heading.default\">\n\t\t\t\t\t<h3 class=\"elementor-heading-title elementor-size-default\"><a href=\"tel:+33687299921\">06 87 29 99 21<\/a><\/h3>\t\t\t\t<\/div>\n\t\t\t\t\t<\/div>\n\t\t\t\t<\/div>\n\t\t\t\t<div class=\"elementor-element elementor-element-8af41fb elementor-widget-divider--view-line elementor-widget elementor-widget-divider\" data-id=\"8af41fb\" data-element_type=\"widget\" data-e-type=\"widget\" data-widget_type=\"divider.default\">\n\t\t\t\t\t\t\t<div class=\"elementor-divider\">\n\t\t\t<span class=\"elementor-divider-separator\">\n\t\t\t\t\t\t<\/span>\n\t\t<\/div>\n\t\t\t\t\t\t<\/div>\n\t\t\t\t<div class=\"elementor-element elementor-element-47fa140 elementor-widget__width-inherit elementor-invisible elementor-widget elementor-widget-heading\" data-id=\"47fa140\" data-element_type=\"widget\" data-e-type=\"widget\" data-settings=\"{&quot;_animation&quot;:&quot;zoomIn&quot;}\" data-widget_type=\"heading.default\">\n\t\t\t\t\t<h3 class=\"elementor-heading-title elementor-size-default\">Demander un rappel<\/h3>\t\t\t\t<\/div>\n\t\t\t\t<div class=\"elementor-element elementor-element-8b2eca0 elementor-widget elementor-widget-text-editor\" data-id=\"8b2eca0\" data-element_type=\"widget\" data-e-type=\"widget\" data-widget_type=\"text-editor.default\">\n\t\t\t\t\t\t\t\t\t<p>Rappel gratuit du lundi au vendredi de 9h \u00e0 17h<\/p>\t\t\t\t\t\t\t\t<\/div>\n\t\t\t\t\t<\/div>\n\t\t\t\t<\/div>\n\t\t<div class=\"elementor-element elementor-element-2b4a95a e-flex e-con-boxed e-con e-parent\" data-id=\"2b4a95a\" data-element_type=\"container\" data-e-type=\"container\" data-settings=\"{&quot;background_background&quot;:&quot;classic&quot;}\">\n\t\t\t\t\t<div class=\"e-con-inner\">\n\t\t<div class=\"elementor-element elementor-element-6ad2705 e-con-full e-flex e-con e-child\" data-id=\"6ad2705\" data-element_type=\"container\" data-e-type=\"container\">\n\t\t\t\t<\/div>\n\t\t<div class=\"elementor-element elementor-element-342da8e e-con-full e-flex e-con e-child\" data-id=\"342da8e\" data-element_type=\"container\" data-e-type=\"container\">\n\t\t\t\t<div class=\"elementor-element elementor-element-fc039e2 elementor-widget elementor-widget-text-editor\" data-id=\"fc039e2\" data-element_type=\"widget\" data-e-type=\"widget\" data-widget_type=\"text-editor.default\">\n\t\t\t\t\t\t\t\t\t<p>Indiquez vos coordonn\u00e9es,<br \/>nous vous recontacterons d\u00e8s que possible.<\/p>\t\t\t\t\t\t\t\t<\/div>\n\t\t\t\t<div class=\"elementor-element elementor-element-3685f9f elementor-button-align-stretch elementor-widget elementor-widget-form\" data-id=\"3685f9f\" data-element_type=\"widget\" data-e-type=\"widget\" data-settings=\"{&quot;step_next_label&quot;:&quot;Suivant&quot;,&quot;step_previous_label&quot;:&quot;Pr\\u00e9c\\u00e9dent&quot;,&quot;button_width&quot;:&quot;100&quot;,&quot;step_type&quot;:&quot;number_text&quot;,&quot;step_icon_shape&quot;:&quot;circle&quot;}\" data-widget_type=\"form.default\">\n\t\t\t\t\t\t\t<form class=\"elementor-form\" method=\"post\" name=\"Nouveau formulaire\" aria-label=\"Nouveau formulaire\">\r\n\t\t\t<input type=\"hidden\" name=\"post_id\" value=\"6805\"\/>\r\n\t\t\t<input type=\"hidden\" name=\"form_id\" value=\"3685f9f\"\/>\r\n\t\t\t<input type=\"hidden\" name=\"referer_title\" value=\"\" \/>\r\n\r\n\t\t\t\r\n\t\t\t<div class=\"elementor-form-fields-wrapper elementor-labels-\">\r\n\t\t\t\t\t\t\t\t<div class=\"elementor-field-type-text elementor-field-group elementor-column elementor-field-group-field_5118124 elementor-col-100 elementor-field-required\">\r\n\t\t\t\t\t\t\t\t\t\t\t\t<label for=\"form-field-field_5118124\" class=\"elementor-field-label elementor-screen-only\">\r\n\t\t\t\t\t\t\t\tNom complet\t\t\t\t\t\t\t<\/label>\r\n\t\t\t\t\t\t\t\t\t\t\t\t\t\t<input size=\"1\" type=\"text\" name=\"form_fields[field_5118124]\" id=\"form-field-field_5118124\" class=\"elementor-field elementor-size-sm  elementor-field-textual\" placeholder=\"Nom complet\" required=\"required\">\r\n\t\t\t\t\t\t\t\t\t\t\t<\/div>\r\n\t\t\t\t\t\t\t\t<div class=\"elementor-field-type-email elementor-field-group elementor-column elementor-field-group-field_c8ec60c elementor-col-100 elementor-field-required\">\r\n\t\t\t\t\t\t\t\t\t\t\t\t<label for=\"form-field-field_c8ec60c\" class=\"elementor-field-label elementor-screen-only\">\r\n\t\t\t\t\t\t\t\tEmail\t\t\t\t\t\t\t<\/label>\r\n\t\t\t\t\t\t\t\t\t\t\t\t\t\t<input size=\"1\" type=\"email\" name=\"form_fields[field_c8ec60c]\" id=\"form-field-field_c8ec60c\" class=\"elementor-field elementor-size-sm  elementor-field-textual\" placeholder=\"Email\" required=\"required\">\r\n\t\t\t\t\t\t\t\t\t\t\t<\/div>\r\n\t\t\t\t\t\t\t\t<div class=\"elementor-field-type-tel elementor-field-group elementor-column elementor-field-group-field_935a25c elementor-col-100 elementor-field-required\">\r\n\t\t\t\t\t\t\t\t\t\t\t\t<label for=\"form-field-field_935a25c\" class=\"elementor-field-label elementor-screen-only\">\r\n\t\t\t\t\t\t\t\tT\u00e9l\u00e9phone\t\t\t\t\t\t\t<\/label>\r\n\t\t\t\t\t\t<span class=\"ccfef-editor-intl-input\" data-id=\"form-field-field_935a25c\" data-field-id=\"935a25c\" data-default-country=\"fr\" data-include-countries=\"\" data-exclude-countries=\"\" data-dial-code-visibility=\"show\" data-strict-mode=\"yes\" style=\"display: none;\"><\/span>\t\t<input size=\"1\" type=\"tel\" name=\"form_fields[field_935a25c]\" id=\"form-field-field_935a25c\" class=\"elementor-field elementor-size-sm  elementor-field-textual\" placeholder=\"T\u00e9l\u00e9phone\" required=\"required\" pattern=\"[0-9()#&amp;+*-=.]+\" title=\"Only numbers and phone characters (#, -, *, etc) are accepted.\">\r\n\r\n\t\t\t\t\t\t<\/div>\r\n\t\t\t\t\t\t\t\t<div class=\"elementor-field-type-acceptance elementor-field-group elementor-column elementor-field-group-field_2847d2e elementor-col-100 elementor-field-required\">\r\n\t\t\t\t\t\t\t\t\t\t\t\t<label for=\"form-field-field_2847d2e\" class=\"elementor-field-label elementor-screen-only\">\r\n\t\t\t\t\t\t\t\tJe consens\t\t\t\t\t\t\t<\/label>\r\n\t\t\t\t\t\t\t\t<div class=\"elementor-field-subgroup\">\r\n\t\t\t<span class=\"elementor-field-option\">\r\n\t\t\t\t<input type=\"checkbox\" name=\"form_fields[field_2847d2e]\" id=\"form-field-field_2847d2e\" class=\"elementor-field elementor-size-sm  elementor-acceptance-field\" required=\"required\">\r\n\t\t\t\t<label for=\"form-field-field_2847d2e\">En soumettant ce formulaire, je consens \u00e0 l'utilisation des informations dans le cadre de ma demande de contact.<\/label>\t\t\t<\/span>\r\n\t\t<\/div>\r\n\t\t\t\t\t\t<\/div>\r\n\t\t\t\t\t\t\t\t<div class=\"elementor-field-type-text\">\r\n\t\t\t\t\t<input size=\"1\" type=\"text\" name=\"form_fields[field_c3877f7]\" id=\"form-field-field_c3877f7\" class=\"elementor-field elementor-size-sm \" style=\"display:none !important;\">\t\t\t\t<\/div>\r\n\t\t\t\t\t\t\t\t<div class=\"elementor-field-type-recaptcha_v3 elementor-field-group elementor-column elementor-field-group-field_bae0d71 elementor-col-100 recaptcha_v3-bottomright\">\r\n\t\t\t\t\t<div class=\"elementor-field\" id=\"form-field-field_bae0d71\"><div class=\"elementor-g-recaptcha\" data-sitekey=\"6LfTxc8pAAAAAJ0wgeLLpDk3qpCQC7eRZeVuN0Rm\" data-type=\"v3\" data-action=\"Form\" data-badge=\"bottomright\" data-size=\"invisible\"><\/div><\/div>\t\t\t\t<\/div>\r\n\t\t\t\t\t\t\t\t<div class=\"elementor-field-group elementor-column elementor-field-type-submit elementor-col-100 e-form__buttons\">\r\n\t\t\t\t\t<button class=\"elementor-button elementor-size-sm\" type=\"submit\">\r\n\t\t\t\t\t\t<span class=\"elementor-button-content-wrapper\">\r\n\t\t\t\t\t\t\t\t\t\t\t\t\t\t\t\t\t\t\t\t\t\t<span class=\"elementor-button-text\">Envoyer<\/span>\r\n\t\t\t\t\t\t\t\t\t\t\t\t\t<\/span>\r\n\t\t\t\t\t<\/button>\r\n\t\t\t\t<\/div>\r\n\t\t\t<\/div>\r\n\t\t<\/form>\r\n\t\t\t\t\t\t<\/div>\n\t\t\t\t<\/div>\n\t\t<div class=\"elementor-element elementor-element-be7f85c e-con-full e-flex e-con e-child\" data-id=\"be7f85c\" data-element_type=\"container\" data-e-type=\"container\">\n\t\t\t\t<\/div>\n\t\t\t\t\t<\/div>\n\t\t\t\t<\/div>\n\t\t\t\t<\/div>\n\t\t","protected":false},"excerpt":{"rendered":"<p>Vous avez besoin d&rsquo;un renseignement ? Discutez au t\u00e9l\u00e9phone avec votre conseill\u00e8re CONTACT 06 87 29 99 21 Demander un rappel Rappel gratuit du lundi au vendredi de 9h \u00e0 17h Indiquez vos coordonn\u00e9es,nous vous recontacterons d\u00e8s que possible.<\/p>","protected":false},"author":4,"featured_media":0,"parent":0,"menu_order":0,"comment_status":"closed","ping_status":"closed","template":"","meta":{"footnotes":""},"class_list":["post-6805","page","type-page","status-publish","hentry"],"_links":{"self":[{"href":"https:\/\/www.cadillacstorepro.com\/de\/wp-json\/wp\/v2\/pages\/6805","targetHints":{"allow":["GET"]}}],"collection":[{"href":"https:\/\/www.cadillacstorepro.com\/de\/wp-json\/wp\/v2\/pages"}],"about":[{"href":"https:\/\/www.cadillacstorepro.com\/de\/wp-json\/wp\/v2\/types\/page"}],"author":[{"embeddable":true,"href":"https:\/\/www.cadillacstorepro.com\/de\/wp-json\/wp\/v2\/users\/4"}],"replies":[{"embeddable":true,"href":"https:\/\/www.cadillacstorepro.com\/de\/wp-json\/wp\/v2\/comments?post=6805"}],"version-history":[{"count":0,"href":"https:\/\/www.cadillacstorepro.com\/de\/wp-json\/wp\/v2\/pages\/6805\/revisions"}],"wp:attachment":[{"href":"https:\/\/www.cadillacstorepro.com\/de\/wp-json\/wp\/v2\/media?parent=6805"}],"curies":[{"name":"wp","href":"https:\/\/api.w.org\/{rel}","templated":true}]}}