{"id":5104,"date":"2023-09-05T17:56:39","date_gmt":"2023-09-05T15:56:39","guid":{"rendered":"https:\/\/www.cadillacstorepro.com\/?post_type=product&#038;p=5104"},"modified":"2026-02-17T09:50:11","modified_gmt":"2026-02-17T08:50:11","slug":"fauteuil-transportable-fullblack","status":"publish","type":"product","link":"https:\/\/www.cadillacstorepro.com\/de\/nomad-chair\/fauteuil-transportable-fullblack\/","title":{"rendered":"Fullblack"},"content":{"rendered":"<div data-elementor-type=\"product-post\" data-elementor-id=\"5104\" class=\"elementor elementor-5104\" data-elementor-post-type=\"product\">\n\t\t\t\t<div class=\"elementor-element elementor-element-7bdbdb1 e-con-full e-flex elementor-invisible e-con e-child\" data-id=\"7bdbdb1\" data-element_type=\"container\" data-e-type=\"container\" data-settings=\"{&quot;animation&quot;:&quot;fadeIn&quot;}\">\n\t\t<div class=\"elementor-element elementor-element-ef2aab2 e-con-full e-flex e-con e-child\" data-id=\"ef2aab2\" data-element_type=\"container\" data-e-type=\"container\">\n\t\t\t\t<div class=\"elementor-element elementor-element-38c1955 elementor-widget elementor-widget-image\" data-id=\"38c1955\" data-element_type=\"widget\" data-e-type=\"widget\" data-widget_type=\"image.default\">\n\t\t\t\t\t\t\t\t\t\t\t\t\t\t\t<img decoding=\"async\" src=\"https:\/\/cdn1.iconfinder.com\/data\/icons\/ensign-11\/512\/92_Ensign_Flag_Nation_france-256.png\" title=\"Cadillac Store,\" alt=\"Cadillac Store,\" loading=\"lazy\">\t\t\t\t\t\t\t\t\t\t\t\t\t\t\t<\/div>\n\t\t\t\t<div class=\"elementor-element elementor-element-e3ded06 elementor-widget elementor-widget-heading\" data-id=\"e3ded06\" data-element_type=\"widget\" data-e-type=\"widget\" data-widget_type=\"heading.default\">\n\t\t\t\t\t<h2 class=\"elementor-heading-title elementor-size-default\">Hergestellt <br>in Frankreich<\/h2>\t\t\t\t<\/div>\n\t\t\t\t<\/div>\n\t\t<div class=\"elementor-element elementor-element-1054399 e-con-full e-flex e-con e-child\" data-id=\"1054399\" data-element_type=\"container\" data-e-type=\"container\">\n\t\t\t\t<div class=\"elementor-element elementor-element-fe79cc1 elementor-widget elementor-widget-image\" data-id=\"fe79cc1\" data-element_type=\"widget\" data-e-type=\"widget\" data-widget_type=\"image.default\">\n\t\t\t\t\t\t\t\t\t\t\t\t\t\t\t<img decoding=\"async\" src=\"https:\/\/cdn2.iconfinder.com\/data\/icons\/security-and-protect-glyph-color\/512\/security-protect-lock-shield-39-512.png\" title=\"Cadillac Store,\" alt=\"Cadillac Store,\" loading=\"lazy\">\t\t\t\t\t\t\t\t\t\t\t\t\t\t\t<\/div>\n\t\t\t\t<div class=\"elementor-element elementor-element-62afdf1 elementor-widget elementor-widget-heading\" data-id=\"62afdf1\" data-element_type=\"widget\" data-e-type=\"widget\" data-widget_type=\"heading.default\">\n\t\t\t\t\t<h2 class=\"elementor-heading-title elementor-size-default\">3 Jahre <br>Garantie<\/h2>\t\t\t\t<\/div>\n\t\t\t\t<\/div>\n\t\t<div class=\"elementor-element elementor-element-35aafb5 e-con-full e-flex e-con e-child\" data-id=\"35aafb5\" data-element_type=\"container\" data-e-type=\"container\">\n\t\t\t\t<div class=\"elementor-element elementor-element-4d6d1a3 elementor-widget elementor-widget-image\" data-id=\"4d6d1a3\" data-element_type=\"widget\" data-e-type=\"widget\" data-widget_type=\"image.default\">\n\t\t\t\t\t\t\t\t\t\t\t\t\t\t\t<img decoding=\"async\" src=\"https:\/\/cdn0.iconfinder.com\/data\/icons\/online-shopping-fill-shoppers-features\/512\/Express_mail_service-512.png\" title=\"Cadillac Store,\" alt=\"Cadillac Store,\" loading=\"lazy\">\t\t\t\t\t\t\t\t\t\t\t\t\t\t\t<\/div>\n\t\t\t\t<div class=\"elementor-element elementor-element-6afe882 elementor-widget elementor-widget-heading\" data-id=\"6afe882\" data-element_type=\"widget\" data-e-type=\"widget\" data-widget_type=\"heading.default\">\n\t\t\t\t\t<h2 class=\"elementor-heading-title elementor-size-default\">Versand <br>in 72 Std<\/h2>\t\t\t\t<\/div>\n\t\t\t\t<\/div>\n\t\t\t\t<\/div>\n\t\t<div class=\"elementor-element elementor-element-55f0470 e-flex e-con-boxed e-con e-parent\" data-id=\"55f0470\" data-element_type=\"container\" data-e-type=\"container\" data-settings=\"{&quot;background_background&quot;:&quot;classic&quot;}\">\n\t\t\t\t\t<div class=\"e-con-inner\">\n\t\t\t\t<div class=\"elementor-element elementor-element-06b6004 elementor-widget elementor-widget-n-accordion\" data-id=\"06b6004\" data-element_type=\"widget\" data-e-type=\"widget\" data-settings=\"{&quot;default_state&quot;:&quot;expanded&quot;,&quot;max_items_expended&quot;:&quot;one&quot;,&quot;n_accordion_animation_duration&quot;:{&quot;unit&quot;:&quot;ms&quot;,&quot;size&quot;:400,&quot;sizes&quot;:[]}}\" data-widget_type=\"nested-accordion.default\">\n\t\t\t\t\t\t\t<div class=\"e-n-accordion\" aria-label=\"Accordion. Open links with Enter or Space, close with Escape, and navigate with Arrow Keys\">\n\t\t\t\t\t\t<details id=\"e-n-accordion-item-7030\" class=\"e-n-accordion-item\" open>\n\t\t\t\t<summary class=\"e-n-accordion-item-title\" data-accordion-index=\"1\" tabindex=\"0\" aria-expanded=\"true\" aria-controls=\"e-n-accordion-item-7030\" >\n\t\t\t\t\t<span class='e-n-accordion-item-title-header'><div class=\"e-n-accordion-item-title-text\"> Eigenschaften <\/div><\/span>\n\t\t\t\t\t\t\t<span class='e-n-accordion-item-title-icon'>\n\t\t\t<span class='e-opened' ><i aria-hidden=\"true\" class=\"fas fa-minus\"><\/i><\/span>\n\t\t\t<span class='e-closed'><i aria-hidden=\"true\" class=\"fas fa-plus\"><\/i><\/span>\n\t\t<\/span>\n\n\t\t\t\t\t\t<\/summary>\n\t\t\t\t<div role=\"region\" aria-labelledby=\"e-n-accordion-item-7030\" class=\"elementor-element elementor-element-31e5adf e-con-full e-flex e-con e-child\" data-id=\"31e5adf\" data-element_type=\"container\" data-e-type=\"container\">\n\t\t\t\t<div class=\"elementor-element elementor-element-618398a elementor-widget elementor-widget-text-editor\" data-id=\"618398a\" data-element_type=\"widget\" data-e-type=\"widget\" data-widget_type=\"text-editor.default\">\n\t\t\t\t\t\t\t\t\t<p>Aluminium\u2011Oberfl\u00e4chen: Anpassbar (Farbe und Beschichtung des Thermolackes)<br \/>Schaumstoff: Hohe R\u00fcckstellkraft \/ langlebig<br \/>Polsterung: Anpassbar (Qualit\u00e4t, Struktur, Steppn\u00e4hte, Stickerei)<br \/>Kohlefaser: Rohstruktur<br \/>Verkleidung: Anpassbar (Holz, Schaum, Armlehnen)<br \/>Gewicht: 12 kg<\/p><p>Gefaltete Abmessungen: H\u00f6he 541 mm | Breite 581 mm | Tiefe 193 mm<br \/>Aufgeklappte Abmessungen: R\u00fcckenlehnenh\u00f6he (bei 100\u00b0) 947 mm | Breite 581 mm | Mindesttiefe 867 mm \/ Maximaltiefe 1436 mm<\/p><p>M\u00f6gliche R\u00fcckenlehnenwinkel: 100\u00b0 | 120\u00b0 | 140\u00b0 | 151\u00b0<br \/>M\u00f6gliche Sitzh\u00f6hen: 463 mm | 511 mm | 559 mm | 608 mm | 658 mm<\/p>\t\t\t\t\t\t\t\t<\/div>\n\t\t\t\t<\/div>\n\t\t\t\t\t<\/details>\n\t\t\t\t\t\t<details id=\"e-n-accordion-item-7031\" class=\"e-n-accordion-item\" >\n\t\t\t\t<summary class=\"e-n-accordion-item-title\" data-accordion-index=\"2\" tabindex=\"-1\" aria-expanded=\"false\" aria-controls=\"e-n-accordion-item-7031\" >\n\t\t\t\t\t<span class='e-n-accordion-item-title-header'><div class=\"e-n-accordion-item-title-text\"> D\u00e9lais de livraison <\/div><\/span>\n\t\t\t\t\t\t\t<span class='e-n-accordion-item-title-icon'>\n\t\t\t<span class='e-opened' ><i aria-hidden=\"true\" class=\"fas fa-minus\"><\/i><\/span>\n\t\t\t<span class='e-closed'><i aria-hidden=\"true\" class=\"fas fa-plus\"><\/i><\/span>\n\t\t<\/span>\n\n\t\t\t\t\t\t<\/summary>\n\t\t\t\t<div role=\"region\" aria-labelledby=\"e-n-accordion-item-7031\" class=\"elementor-element elementor-element-5e24441 e-con-full e-flex e-con e-child\" data-id=\"5e24441\" data-element_type=\"container\" data-e-type=\"container\">\n\t\t\t\t<div class=\"elementor-element elementor-element-495b11a elementor-widget elementor-widget-text-editor\" data-id=\"495b11a\" data-element_type=\"widget\" data-e-type=\"widget\" data-widget_type=\"text-editor.default\">\n\t\t\t\t\t\t\t\t\t<p>En Stock<\/p><ul><li aria-level=\"1\">72h mod\u00e8le de s\u00e9rie (FullBlack)<\/li><li aria-level=\"1\">4 semaine (Option dossier Full Black brod\u00e9)<\/li><li aria-level=\"1\">2 \u00e0 4 mois Personnalisation compl\u00e8te du produit<\/li><\/ul><p>En r\u00e9approvisionnement<\/p><ul><li aria-level=\"1\">1 mois : mod\u00e8le de s\u00e9rie (FullBlack)<\/li><li aria-level=\"1\">2 mois (Option dossier Full Black brod\u00e9)<\/li><li aria-level=\"1\">3 \u00e0 6 mois Personnalisation compl\u00e8te du produit<\/li><\/ul>\t\t\t\t\t\t\t\t<\/div>\n\t\t\t\t<\/div>\n\t\t\t\t\t<\/details>\n\t\t\t\t\t\t<details id=\"e-n-accordion-item-7032\" class=\"e-n-accordion-item\" >\n\t\t\t\t<summary class=\"e-n-accordion-item-title\" data-accordion-index=\"3\" tabindex=\"-1\" aria-expanded=\"false\" aria-controls=\"e-n-accordion-item-7032\" >\n\t\t\t\t\t<span class='e-n-accordion-item-title-header'><div class=\"e-n-accordion-item-title-text\"> 3 Jahre Garantie <\/div><\/span>\n\t\t\t\t\t\t\t<span class='e-n-accordion-item-title-icon'>\n\t\t\t<span class='e-opened' ><i aria-hidden=\"true\" class=\"fas fa-minus\"><\/i><\/span>\n\t\t\t<span class='e-closed'><i aria-hidden=\"true\" class=\"fas fa-plus\"><\/i><\/span>\n\t\t<\/span>\n\n\t\t\t\t\t\t<\/summary>\n\t\t\t\t<div role=\"region\" aria-labelledby=\"e-n-accordion-item-7032\" class=\"elementor-element elementor-element-8786217 e-con-full e-flex e-con e-child\" data-id=\"8786217\" data-element_type=\"container\" data-e-type=\"container\">\n\t\t\t\t<\/div>\n\t\t\t\t\t<\/details>\n\t\t\t\t\t\t<details id=\"e-n-accordion-item-7033\" class=\"e-n-accordion-item\" >\n\t\t\t\t<summary class=\"e-n-accordion-item-title\" data-accordion-index=\"4\" tabindex=\"-1\" aria-expanded=\"false\" aria-controls=\"e-n-accordion-item-7033\" >\n\t\t\t\t\t<span class='e-n-accordion-item-title-header'><div class=\"e-n-accordion-item-title-text\"> Finanzierung bis zu 12x <\/div><\/span>\n\t\t\t\t\t\t\t<span class='e-n-accordion-item-title-icon'>\n\t\t\t<span class='e-opened' ><i aria-hidden=\"true\" class=\"fas fa-minus\"><\/i><\/span>\n\t\t\t<span class='e-closed'><i aria-hidden=\"true\" class=\"fas fa-plus\"><\/i><\/span>\n\t\t<\/span>\n\n\t\t\t\t\t\t<\/summary>\n\t\t\t\t<div role=\"region\" aria-labelledby=\"e-n-accordion-item-7033\" class=\"elementor-element elementor-element-3480d1d e-con-full e-flex e-con e-child\" data-id=\"3480d1d\" data-element_type=\"container\" data-e-type=\"container\">\n\t\t\t\t<\/div>\n\t\t\t\t\t<\/details>\n\t\t\t\t\t\t<details id=\"e-n-accordion-item-7034\" class=\"e-n-accordion-item\" >\n\t\t\t\t<summary class=\"e-n-accordion-item-title\" data-accordion-index=\"5\" tabindex=\"-1\" aria-expanded=\"false\" aria-controls=\"e-n-accordion-item-7034\" >\n\t\t\t\t\t<span class='e-n-accordion-item-title-header'><div class=\"e-n-accordion-item-title-text\"> Auszeichnungen \/ Zertifikate <\/div><\/span>\n\t\t\t\t\t\t\t<span class='e-n-accordion-item-title-icon'>\n\t\t\t<span class='e-opened' ><i aria-hidden=\"true\" class=\"fas fa-minus\"><\/i><\/span>\n\t\t\t<span class='e-closed'><i aria-hidden=\"true\" class=\"fas fa-plus\"><\/i><\/span>\n\t\t<\/span>\n\n\t\t\t\t\t\t<\/summary>\n\t\t\t\t<div role=\"region\" aria-labelledby=\"e-n-accordion-item-7034\" class=\"elementor-element elementor-element-9375c04 e-con-full e-flex e-con e-child\" data-id=\"9375c04\" data-element_type=\"container\" data-e-type=\"container\">\n\t\t\t\t<\/div>\n\t\t\t\t\t<\/details>\n\t\t\t\t\t<\/div>\n\t\t\t\t\t\t<\/div>\n\t\t\t\t\t<\/div>\n\t\t\t\t<\/div>\n\t\t\t\t<\/div>","protected":false},"excerpt":{"rendered":"<p>Fabriqu\u00e9 en France Garantie 3 ans Exp\u00e9di\u00e9 en 72h Caract\u00e9ristiques Finitions Aluminium : Personnalisable (Couleur et finition du Thermolaquege)Mousse : Haute r\u00e9silienceSellerie : Personnalisable (Qualit\u00e9, texture, surpiq\u00fbre, broderie)Carbone : BrutHabillage : Personnalisable (Bois, mousse, accoudoirs)Poids : 12 kilos Dimensions pli\u00e9 : Hauteur 541 mm | Largeur 581 mm | Profondeur 193 mmDimensions d\u00e9pli\u00e9 : Hauteur [&hellip;]<\/p>\n","protected":false},"featured_media":8659,"template":"","meta":[],"product_brand":[],"product_cat":[38],"product_tag":[29,30,31,32,28,25],"class_list":{"0":"post-5104","1":"product","2":"type-product","3":"status-publish","4":"has-post-thumbnail","6":"product_cat-nomad-chair","7":"product_tag-barbier","8":"product_tag-fauteuil","9":"product_tag-fauteuil-de-barbier","10":"product_tag-fauteuil-transportable","11":"product_tag-nomad-chair","12":"product_tag-singapour","13":"product_shipping_class-expedition-nomad-chair","15":"first","16":"instock","17":"featured","18":"taxable","19":"shipping-taxable","20":"purchasable","21":"product-type-simple"},"_links":{"self":[{"href":"https:\/\/www.cadillacstorepro.com\/de\/wp-json\/wp\/v2\/product\/5104","targetHints":{"allow":["GET"]}}],"collection":[{"href":"https:\/\/www.cadillacstorepro.com\/de\/wp-json\/wp\/v2\/product"}],"about":[{"href":"https:\/\/www.cadillacstorepro.com\/de\/wp-json\/wp\/v2\/types\/product"}],"version-history":[{"count":0,"href":"https:\/\/www.cadillacstorepro.com\/de\/wp-json\/wp\/v2\/product\/5104\/revisions"}],"wp:featuredmedia":[{"embeddable":true,"href":"https:\/\/www.cadillacstorepro.com\/de\/wp-json\/wp\/v2\/media\/8659"}],"wp:attachment":[{"href":"https:\/\/www.cadillacstorepro.com\/de\/wp-json\/wp\/v2\/media?parent=5104"}],"wp:term":[{"taxonomy":"product_brand","embeddable":true,"href":"https:\/\/www.cadillacstorepro.com\/de\/wp-json\/wp\/v2\/product_brand?post=5104"},{"taxonomy":"product_cat","embeddable":true,"href":"https:\/\/www.cadillacstorepro.com\/de\/wp-json\/wp\/v2\/product_cat?post=5104"},{"taxonomy":"product_tag","embeddable":true,"href":"https:\/\/www.cadillacstorepro.com\/de\/wp-json\/wp\/v2\/product_tag?post=5104"}],"curies":[{"name":"wp","href":"https:\/\/api.w.org\/{rel}","templated":true}]}}