{"id":6013,"date":"2024-03-21T03:16:43","date_gmt":"2024-03-21T02:16:43","guid":{"rendered":"https:\/\/www.cadillacstorepro.com\/?post_type=product&#038;p=6013"},"modified":"2026-03-05T20:55:55","modified_gmt":"2026-03-05T19:55:55","slug":"nomad-confort","status":"publish","type":"product","link":"https:\/\/www.cadillacstorepro.com\/de\/nomad-chair\/nomad-confort\/","title":{"rendered":"Nomad Comfort+"},"content":{"rendered":"<p>Die Armlehnen f\u00fcr die NOMAD CHAIR sorgen f\u00fcr angenehme Auflage und zus\u00e4tzlichen Komfort f\u00fcr die Arme Ihrer Kund:innen. Sie sind austauschbar. Wenn Sie diese Option nachtr\u00e4glich an Ihrer Nomad Chair montieren m\u00f6chten, ist ein Bohren am Produkt erforderlich. Wenn Sie die Option direkt beim Kauf Ihrer Nomad Chair w\u00e4hlen, werden die Armlehnen bereits vormontiert geliefert.<\/p>\n<p><strong>Technische Merkmale<\/strong><br \/>\n- Montagefertig zum Anschrauben<br \/>\n- Integrierte Komfort\u2011Polsterung<br \/>\n<strong>Produktabmessungen<\/strong><br \/>\nL\u00e4nge: 25,5 cm<br \/>\nBreite: 4,5 cm<br \/>\nH\u00f6he: 2 cm<br \/>\n<strong>Herkunft \/ Herstellung<\/strong><br \/>\nMontage: Aveyron (Frankreich)<br \/>\nSchrauben: Deutschland<br \/>\n<strong>Produktvorteile<\/strong><br \/>\nHoher Komfort f\u00fcr die Unterarme<br \/>\nPremium\u2011Optik des Produkts<\/p>\n<p><b>Lieferung\u00a0<\/b><\/p>\n<p>Lieferzeit f\u00fcr das Zubeh\u00f6r allein: ca. 72 Stunden<br \/>\nLieferzeit zusammen mit der Nomad Chair: wie f\u00fcr die Nomad Chair<\/p>\n<p>Sie m\u00f6chten eine individuell konfigurierte professionelle NOMAD CHAIR mit Armlehnen erwerben?<br \/>\nKontaktieren Sie uns gerne oder konfigurieren Sie Ihren ergonomischen Stuhl ganz nach Ma\u00df direkt auf unserer Website.<\/p>","protected":false},"excerpt":{"rendered":"<p><strong>Individuell konfigurierbare Armlehnen f\u00fcr NOMAD CHAIR<\/strong><\/p>\n<p>Entdecken Sie mobilen Komfort mit den Armlehnen f\u00fcr Ihre Nomad Chair!<\/p>\n<p>Lieferzeit: ca. 72 Stunden<\/p>","protected":false},"featured_media":6343,"template":"","meta":[],"product_brand":[],"product_cat":[51],"product_tag":[],"class_list":{"0":"post-6013","1":"product","2":"type-product","3":"status-publish","4":"has-post-thumbnail","6":"product_cat-accessoires-nomad-chair","7":"product_shipping_class-expedition-accessoires","9":"first","10":"instock","11":"taxable","12":"shipping-taxable","13":"purchasable","14":"product-type-simple"},"_links":{"self":[{"href":"https:\/\/www.cadillacstorepro.com\/de\/wp-json\/wp\/v2\/product\/6013","targetHints":{"allow":["GET"]}}],"collection":[{"href":"https:\/\/www.cadillacstorepro.com\/de\/wp-json\/wp\/v2\/product"}],"about":[{"href":"https:\/\/www.cadillacstorepro.com\/de\/wp-json\/wp\/v2\/types\/product"}],"version-history":[{"count":0,"href":"https:\/\/www.cadillacstorepro.com\/de\/wp-json\/wp\/v2\/product\/6013\/revisions"}],"wp:featuredmedia":[{"embeddable":true,"href":"https:\/\/www.cadillacstorepro.com\/de\/wp-json\/wp\/v2\/media\/6343"}],"wp:attachment":[{"href":"https:\/\/www.cadillacstorepro.com\/de\/wp-json\/wp\/v2\/media?parent=6013"}],"wp:term":[{"taxonomy":"product_brand","embeddable":true,"href":"https:\/\/www.cadillacstorepro.com\/de\/wp-json\/wp\/v2\/product_brand?post=6013"},{"taxonomy":"product_cat","embeddable":true,"href":"https:\/\/www.cadillacstorepro.com\/de\/wp-json\/wp\/v2\/product_cat?post=6013"},{"taxonomy":"product_tag","embeddable":true,"href":"https:\/\/www.cadillacstorepro.com\/de\/wp-json\/wp\/v2\/product_tag?post=6013"}],"curies":[{"name":"wp","href":"https:\/\/api.w.org\/{rel}","templated":true}]}}