{"id":6015,"date":"2024-03-21T03:16:44","date_gmt":"2024-03-21T02:16:44","guid":{"rendered":"https:\/\/www.cadillacstorepro.com\/?post_type=product&#038;p=6015"},"modified":"2026-02-17T09:49:56","modified_gmt":"2026-02-17T08:49:56","slug":"nomad-protect","status":"publish","type":"product","link":"https:\/\/www.cadillacstorepro.com\/de\/nomad-chair\/nomad-protect\/","title":{"rendered":"Nomad Protect"},"content":{"rendered":"<p>Sch\u00fctzen und transportieren Sie Ihre Nomad Chair sicher mit unserer speziell entwickelten Schutzh\u00fclle. Sie ist perfekt auf den zusammengeklappten Stuhl zugeschnitten, wird \u00fcber einen praktischen Rei\u00dfverschluss befestigt und l\u00e4sst die Rollen frei, damit Sie den Stuhl m\u00fchelos bewegen k\u00f6nnen. Ein zus\u00e4tzlicher Rei\u00dfverschluss oben erm\u00f6glicht einen schnellen Zugriff auf Kopfst\u00fctze und Griff, was Handling und Transport deutlich erleichtert.<\/p>\n<p><strong>Produktabmessungen<\/strong><br \/>\nH\u00f6he 541 mm | Breite 581 mm | Tiefe 193 mm<\/p>\n<p><strong>Herkunft \/ Herstellung<\/strong><br \/>\nMontage: Aveyron (Frankreich)<\/p>\n<p><strong>Produktvorteile<\/strong><br \/>\nSch\u00fctzt die Lackierung des Produkts<br \/>\nOptionale Stickerei, um Ihr Markenimage w\u00e4hrend des Transports hervorzuheben<\/p>\n<p><b>Lieferung<br \/>\n<\/b>Lieferzeit f\u00fcr das Zubeh\u00f6r allein: ca. 72 Stunden<br \/>\nLieferzeit zusammen mit der Nomad Chair: wie f\u00fcr die Nomad Chair<\/p>","protected":false},"excerpt":{"rendered":"<p><strong>Schutzh\u00fclle f\u00fcr NOMAD CHAIR<\/strong><\/p>\n<p>Lassen Sie Ihre NOMAD CHAIR nicht ungesch\u00fctzt. Sichern Sie sich jetzt diese passgenaue Schutzh\u00fclle, um die Lebensdauer Ihres Stuhls zu maximieren!<\/p>\n<p>Lieferzeit: ca. 72 Stunden<\/p>","protected":false},"featured_media":6359,"template":"","meta":[],"product_brand":[],"product_cat":[51],"product_tag":[],"class_list":{"0":"post-6015","1":"product","2":"type-product","3":"status-publish","4":"has-post-thumbnail","6":"product_cat-accessoires-nomad-chair","7":"product_shipping_class-expedition-petit-colis","9":"first","10":"instock","11":"taxable","12":"shipping-taxable","13":"purchasable","14":"product-type-simple"},"_links":{"self":[{"href":"https:\/\/www.cadillacstorepro.com\/de\/wp-json\/wp\/v2\/product\/6015","targetHints":{"allow":["GET"]}}],"collection":[{"href":"https:\/\/www.cadillacstorepro.com\/de\/wp-json\/wp\/v2\/product"}],"about":[{"href":"https:\/\/www.cadillacstorepro.com\/de\/wp-json\/wp\/v2\/types\/product"}],"version-history":[{"count":0,"href":"https:\/\/www.cadillacstorepro.com\/de\/wp-json\/wp\/v2\/product\/6015\/revisions"}],"wp:featuredmedia":[{"embeddable":true,"href":"https:\/\/www.cadillacstorepro.com\/de\/wp-json\/wp\/v2\/media\/6359"}],"wp:attachment":[{"href":"https:\/\/www.cadillacstorepro.com\/de\/wp-json\/wp\/v2\/media?parent=6015"}],"wp:term":[{"taxonomy":"product_brand","embeddable":true,"href":"https:\/\/www.cadillacstorepro.com\/de\/wp-json\/wp\/v2\/product_brand?post=6015"},{"taxonomy":"product_cat","embeddable":true,"href":"https:\/\/www.cadillacstorepro.com\/de\/wp-json\/wp\/v2\/product_cat?post=6015"},{"taxonomy":"product_tag","embeddable":true,"href":"https:\/\/www.cadillacstorepro.com\/de\/wp-json\/wp\/v2\/product_tag?post=6015"}],"curies":[{"name":"wp","href":"https:\/\/api.w.org\/{rel}","templated":true}]}}