{"id":6146,"date":"2024-03-21T03:18:43","date_gmt":"2024-03-21T02:18:43","guid":{"rendered":"https:\/\/www.cadillacstorepro.com\/?post_type=product&#038;p=6146"},"modified":"2026-03-05T20:55:47","modified_gmt":"2026-03-05T19:55:47","slug":"nomad-weels","status":"publish","type":"product","link":"https:\/\/www.cadillacstorepro.com\/de\/nomad-chair\/nomad-weels\/","title":{"rendered":"Nomad Wheels"},"content":{"rendered":"<p>Machen Sie Ihre Wege leichter! Mit den Rollen l\u00e4sst sich die Nomad Chair auch \u00fcber l\u00e4ngere Distanzen ganz bequem man\u00f6vrieren \u2013 fast wie ein Rollkoffer.<br \/>\nDie Transportrollen werden mithilfe des Zugbands an den Seiten des Stuhls befestigt. Sie werden einfach genutzt, indem Sie den Stuhl mit ausgeklappter Kopfst\u00fctze leicht nach hinten kippen (siehe Produktvideo).<\/p>\n<div style=\"width: 640px;\" class=\"wp-video\"><video class=\"wp-video-shortcode\" id=\"video-6146-1\" width=\"640\" height=\"360\" preload=\"metadata\" controls=\"controls\"><source type=\"video\/mp4\" src=\"https:\/\/www.cadillacstorepro.com\/wp-content\/uploads\/2023\/01\/France-Video-Silla-Web-Sin-Logo.mp4?_=1\" \/><a href=\"https:\/\/www.cadillacstorepro.com\/wp-content\/uploads\/2023\/01\/France-Video-Silla-Web-Sin-Logo.mp4\">https:\/\/www.cadillacstorepro.com\/wp-content\/uploads\/2023\/01\/France-Video-Silla-Web-Sin-Logo.mp4<\/a><\/video><\/div>\n<p>Die robuste Bereifung erm\u00f6glicht das \u00dcberwinden zahlreicher Hindernisse.<\/p>\n<p><strong>Technische Merkmale<\/strong><\/p>\n<p>- Ultrarobuste Gummir\u00e4der<br \/>\n- Schwarzes PVC<br \/>\n- Befestigungszugband<\/p>\n<p><strong>Produktabmessungen<\/strong><\/p>\n<p>Raddurchmesser: 8 cm<br \/>\nL\u00e4nge mit Rad: 20 cm<br \/>\nBreite mit Rad: 8 cm<br \/>\nH\u00f6he mit Rad: 8,5 cm<\/p>\n<p><strong>Herkunft \/ Herstellung<\/strong><\/p>\n<p>Kunststoff: Albi (Tarn, Frankreich)<br \/>\nMontage: Albi (Tarn, Frankreich)<br \/>\nSchrauben: Deutschland<\/p>\n<p><strong>Produktvorteile<\/strong><\/p>\n<p>Hohe Verschlei\u00dffestigkeit der R\u00e4der<br \/>\nStabilisiert das zusammengeklappte Produkt am Boden<br \/>\nSch\u00fctzt die Lackierung der Nomad Chair<\/p>\n<p><b>Lieferung <\/b><\/p>\n<p>Lieferzeit f\u00fcr das Zubeh\u00f6r allein: ca. 72 Stunden<br \/>\nLieferzeit zusammen mit der Nomad Chair: wie f\u00fcr die Nomad Chair<\/p>","protected":false},"excerpt":{"rendered":"<p>Roulettes de transport pour NOMAD CHAIR<\/p>\n<p>Entdecken Sie neu definierte Mobilit\u00e4t mit den Rollen f\u00fcr Ihre Nomad Chair! Sie lassen sich einfach an den Seiten des Stuhls befestigen und erm\u00f6glichen ein m\u00fcheloses Bewegen Ihres Profi\u2011Stuhls.<\/p>\n<p>Lieferumfang: 2 St\u00fcck<br \/>\nLieferzeit: ca. 72 Stunden<\/p>","protected":false},"featured_media":6351,"template":"","meta":[],"product_brand":[],"product_cat":[51],"product_tag":[],"class_list":{"0":"post-6146","1":"product","2":"type-product","3":"status-publish","4":"has-post-thumbnail","6":"product_cat-accessoires-nomad-chair","7":"product_shipping_class-expedition-accessoires","9":"first","10":"instock","11":"taxable","12":"shipping-taxable","13":"purchasable","14":"product-type-simple"},"_links":{"self":[{"href":"https:\/\/www.cadillacstorepro.com\/de\/wp-json\/wp\/v2\/product\/6146","targetHints":{"allow":["GET"]}}],"collection":[{"href":"https:\/\/www.cadillacstorepro.com\/de\/wp-json\/wp\/v2\/product"}],"about":[{"href":"https:\/\/www.cadillacstorepro.com\/de\/wp-json\/wp\/v2\/types\/product"}],"version-history":[{"count":0,"href":"https:\/\/www.cadillacstorepro.com\/de\/wp-json\/wp\/v2\/product\/6146\/revisions"}],"wp:featuredmedia":[{"embeddable":true,"href":"https:\/\/www.cadillacstorepro.com\/de\/wp-json\/wp\/v2\/media\/6351"}],"wp:attachment":[{"href":"https:\/\/www.cadillacstorepro.com\/de\/wp-json\/wp\/v2\/media?parent=6146"}],"wp:term":[{"taxonomy":"product_brand","embeddable":true,"href":"https:\/\/www.cadillacstorepro.com\/de\/wp-json\/wp\/v2\/product_brand?post=6146"},{"taxonomy":"product_cat","embeddable":true,"href":"https:\/\/www.cadillacstorepro.com\/de\/wp-json\/wp\/v2\/product_cat?post=6146"},{"taxonomy":"product_tag","embeddable":true,"href":"https:\/\/www.cadillacstorepro.com\/de\/wp-json\/wp\/v2\/product_tag?post=6146"}],"curies":[{"name":"wp","href":"https:\/\/api.w.org\/{rel}","templated":true}]}}