{"id":8709,"date":"2025-05-27T17:46:20","date_gmt":"2025-05-27T15:46:20","guid":{"rendered":"https:\/\/www.cadillacstorepro.com\/?post_type=product&#038;p=8709"},"modified":"2026-01-28T03:40:42","modified_gmt":"2026-01-28T02:40:42","slug":"nomad-custom","status":"publish","type":"product","link":"https:\/\/www.cadillacstorepro.com\/de\/nomad-chair\/nomad-custom\/","title":{"rendered":"Nomad Custom"},"content":{"rendered":"<p><b>Verwendung<\/b><\/p>\n<p>Durch die Personalisierung der R\u00fcckenlehne oder der Schutzh\u00fclle kann Ihr Logo oder Markenname direkt auf dem Produkt platziert werden \u2013 und st\u00e4rkt so nachhaltig Ihre visuelle Identit\u00e4t. Diese Option erh\u00f6ht Ihre Sichtbarkeit bei Kundenterminen, Events und w\u00e4hrend des Transports. Die hochwertige Stickerei sorgt f\u00fcr ein langlebiges, elegantes Finish, das auch intensiver Nutzung standh\u00e4lt.<\/p>\n<p>&nbsp;<\/p>\n<p><b>Technische Merkmale<\/b><\/p>\n<ul>\n<li aria-level=\"1\">Erfordert die Freigabe eines Korrekturabzugs (BAT) mit Cadillac Store<\/li>\n<li aria-level=\"1\">Bestimmte Logos m\u00fcssen ggf. angepasst werden, um eine optimale Stickqualit\u00e4t zu gew\u00e4hrleisten<\/li>\n<li aria-level=\"1\">Hochwertige, langlebige Stickerei<\/li>\n<li aria-level=\"1\">Farben nach Wahl<\/li>\n<\/ul>\n<p>&nbsp;<\/p>\n<p><b>Produktabmessungen<\/b><\/p>\n<p>Die Stickerei ist mindestens 5 cm gro\u00df und darf 25 cm\u00b2 nicht \u00fcberschreiten.<\/p>\n<p>&nbsp;<\/p>\n<p><b>Herkunft \/ Herstellung<\/b><\/p>\n<ul>\n<li aria-level=\"1\">Tarn (Frankreich)<\/li>\n<\/ul>\n<p>&nbsp;<\/p>\n<p><b>Produktvorteile<\/b><\/p>\n<ul>\n<li aria-level=\"1\">Mehr Sichtbarkeit<\/li>\n<li aria-level=\"1\">Individuelle Personalisierung Ihres Produkts<\/li>\n<\/ul>\n<p><b>Lieferung\u00a0<\/b><\/p>\n<ul>\n<li aria-level=\"1\">Versandzeit: ca. 3 Wochen<\/li>\n<li aria-level=\"1\">Lieferzeit zusammen mit der Nomad Chair: ca. 3 Wochen<\/li>\n<\/ul>","protected":false},"excerpt":{"rendered":"<p>Stickerei auf R\u00fcckenlehne oder Schutzh\u00fclle<\/p>","protected":false},"featured_media":8745,"template":"","meta":[],"product_brand":[],"product_cat":[144,51],"product_tag":[],"class_list":{"0":"post-8709","1":"product","2":"type-product","3":"status-publish","4":"has-post-thumbnail","6":"product_cat-personnalisation","7":"product_cat-accessoires-nomad-chair","9":"first","10":"instock","11":"virtual","12":"taxable","13":"purchasable","14":"product-type-simple"},"_links":{"self":[{"href":"https:\/\/www.cadillacstorepro.com\/de\/wp-json\/wp\/v2\/product\/8709","targetHints":{"allow":["GET"]}}],"collection":[{"href":"https:\/\/www.cadillacstorepro.com\/de\/wp-json\/wp\/v2\/product"}],"about":[{"href":"https:\/\/www.cadillacstorepro.com\/de\/wp-json\/wp\/v2\/types\/product"}],"version-history":[{"count":0,"href":"https:\/\/www.cadillacstorepro.com\/de\/wp-json\/wp\/v2\/product\/8709\/revisions"}],"wp:featuredmedia":[{"embeddable":true,"href":"https:\/\/www.cadillacstorepro.com\/de\/wp-json\/wp\/v2\/media\/8745"}],"wp:attachment":[{"href":"https:\/\/www.cadillacstorepro.com\/de\/wp-json\/wp\/v2\/media?parent=8709"}],"wp:term":[{"taxonomy":"product_brand","embeddable":true,"href":"https:\/\/www.cadillacstorepro.com\/de\/wp-json\/wp\/v2\/product_brand?post=8709"},{"taxonomy":"product_cat","embeddable":true,"href":"https:\/\/www.cadillacstorepro.com\/de\/wp-json\/wp\/v2\/product_cat?post=8709"},{"taxonomy":"product_tag","embeddable":true,"href":"https:\/\/www.cadillacstorepro.com\/de\/wp-json\/wp\/v2\/product_tag?post=8709"}],"curies":[{"name":"wp","href":"https:\/\/api.w.org\/{rel}","templated":true}]}}