{"id":8711,"date":"2025-05-27T17:49:14","date_gmt":"2025-05-27T15:49:14","guid":{"rendered":"https:\/\/www.cadillacstorepro.com\/?post_type=product&#038;p=8711"},"modified":"2026-03-05T20:49:12","modified_gmt":"2026-03-05T19:49:12","slug":"nomad-chair-full-pack","status":"publish","type":"product","link":"https:\/\/www.cadillacstorepro.com\/de\/nomad-chair\/nomad-chair-full-pack\/","title":{"rendered":"Nomad Chair Full Pack"},"content":{"rendered":"<p><b>Produktpr\u00e4sentation<\/b><\/p>\n<p>Nomad Chair Full Pack mit allen Optionen<\/p>\n<p>&nbsp;<\/p>\n<p><strong>Inhalt:<\/strong><\/p>\n<div class=\"\">NOMAD CHAIR FULL BLACK<\/div>\n<div class=\"\">NOMAD WHEELS<\/div>\n<div class=\"\">NOMAD COMFORT+<\/div>\n<div class=\"\">NOMAD PROTECT<\/div>\n<div class=\"\">NOMAD TEAT<\/div>\n<div class=\"\">NOMAD CUSTOM<\/div>\n<p>&nbsp;<\/p>\n<p><b>Lieferung\u00a0<\/b><\/p>\n<p>Je nach Verf\u00fcgbarkeit auf Lager<\/p>\n<p>&nbsp;<\/p>\n<p><b>Regul\u00e4rer Preis<\/b><\/p>\n<p>Nomad Chair Full Pack: 3.150 \u20ac netto<br \/>\nVorteilspreis: 2.990 \u20ac netto<\/p>\n<p>&nbsp;<\/p>\n<p><b>Verwendung<\/b><\/p>\n<p>Mit dem Nomad Full Pack statten Sie sich ganz entspannt mit allen von Cadillac Store entwickelten Optionen aus \u2013 in einem einzigen, vollst\u00e4ndigen Angebot. F\u00fcr den hochwertigen mobilen Einsatz konzipiert, garantiert dieses Pack jederzeit ein komfortables, erstklassiges Kundenerlebnis. Es enth\u00e4lt s\u00e4mtliches Zubeh\u00f6r, das Ihre Dienstleistungen optimal aufwertet!<\/p>\n<p>&nbsp;<\/p>\n<p><b>Technische Merkmale<\/b><\/p>\n<p>Komplettpaket \u2013 technische Merkmale siehe jeweilige Produktdatenbl\u00e4tter.<\/p>\n<p>&nbsp;<\/p>\n<p><b>Herkunft \/ Herstellung<\/b><\/p>\n<ul>\n<li aria-level=\"1\">100% Occitanie (Frankreich)<\/li>\n<\/ul>\n<p>&nbsp;<\/p>\n<p><b>Produktvorteile<\/b><\/p>\n<ul>\n<li aria-level=\"1\">Erm\u00f6glicht eine sorgenfreie Komplett\u2011Ausstattung<\/li>\n<li aria-level=\"1\">Voll ausgestattet, maximaler Komfort<\/li>\n<li aria-level=\"1\">Profitieren Sie von einem besonders attraktiven Angebot<\/li>\n<\/ul>\n<p>&nbsp;<\/p>","protected":false},"excerpt":{"rendered":"<p>Pr\u00e9sentation du produit Pack Full options + Nomad Chair &nbsp; Contenu : NOMAD CHAIR FULL BLACK NOMAD WHEELS NOMAD COMFORT+ NOMAD PROTECT NOMAD TEAT NOMAD CUSTOM &nbsp; Livraison\u00a0 suivant les stocks disponibles &nbsp; Prix public Nomad Chair Full Pack :\u00a0 3150 \u20ac ht Prix avantage : 2990 \u20ac ht. &nbsp; Son utilisation Le Nomad Full [&hellip;]<\/p>\n","protected":false},"featured_media":8750,"template":"","meta":[],"product_brand":[],"product_cat":[38,51,158],"product_tag":[159],"class_list":{"0":"post-8711","1":"product","2":"type-product","3":"status-publish","4":"has-post-thumbnail","6":"product_cat-nomad-chair","7":"product_cat-accessoires-nomad-chair","8":"product_cat-fullpack","9":"product_tag-full-pack","10":"product_shipping_class-expedition-nomad-chair","12":"first","13":"instock","14":"sale","15":"taxable","16":"shipping-taxable","17":"purchasable","18":"product-type-simple"},"_links":{"self":[{"href":"https:\/\/www.cadillacstorepro.com\/de\/wp-json\/wp\/v2\/product\/8711","targetHints":{"allow":["GET"]}}],"collection":[{"href":"https:\/\/www.cadillacstorepro.com\/de\/wp-json\/wp\/v2\/product"}],"about":[{"href":"https:\/\/www.cadillacstorepro.com\/de\/wp-json\/wp\/v2\/types\/product"}],"version-history":[{"count":0,"href":"https:\/\/www.cadillacstorepro.com\/de\/wp-json\/wp\/v2\/product\/8711\/revisions"}],"wp:featuredmedia":[{"embeddable":true,"href":"https:\/\/www.cadillacstorepro.com\/de\/wp-json\/wp\/v2\/media\/8750"}],"wp:attachment":[{"href":"https:\/\/www.cadillacstorepro.com\/de\/wp-json\/wp\/v2\/media?parent=8711"}],"wp:term":[{"taxonomy":"product_brand","embeddable":true,"href":"https:\/\/www.cadillacstorepro.com\/de\/wp-json\/wp\/v2\/product_brand?post=8711"},{"taxonomy":"product_cat","embeddable":true,"href":"https:\/\/www.cadillacstorepro.com\/de\/wp-json\/wp\/v2\/product_cat?post=8711"},{"taxonomy":"product_tag","embeddable":true,"href":"https:\/\/www.cadillacstorepro.com\/de\/wp-json\/wp\/v2\/product_tag?post=8711"}],"curies":[{"name":"wp","href":"https:\/\/api.w.org\/{rel}","templated":true}]}}