{"id":8714,"date":"2025-05-27T17:34:32","date_gmt":"2025-05-27T15:34:32","guid":{"rendered":"https:\/\/www.cadillacstorepro.com\/?post_type=product&#038;p=8714"},"modified":"2025-12-13T02:19:53","modified_gmt":"2025-12-13T01:19:53","slug":"nomad-teat","status":"publish","type":"product","link":"https:\/\/www.cadillacstorepro.com\/de\/nomad-chair\/nomad-teat\/","title":{"rendered":"Nomad Teat"},"content":{"rendered":"<p><b>Verwendung<\/b><\/p>\n<p>Die zus\u00e4tzliche Kopfst\u00fctze wurde entwickelt, um den Komfort von Kund:innen mit eingeschr\u00e4nkter Mobilit\u00e4t zu erh\u00f6hen. Sie wird auf die bestehende Kopfst\u00fctze aufgelegt und entlastet den Nacken \u2013 insbesondere bei \u00e4lteren Personen, bei \u00dcbergewicht oder bei R\u00fccken\u2011 und Lendenschmerzen. Diese Option verbessert den Gesamtkonfort deutlich und erm\u00f6glicht ein sicheres Arbeiten mit allen Kundengruppen. Dank integrierter Gummib\u00e4nder l\u00e4sst sie sich schnell und einfach an der Original\u2011Kopfst\u00fctze befestigen.<\/p>\n<p><b>Technische Merkmale<\/b><\/p>\n<ul>\n<li aria-level=\"1\">Strapazierf\u00e4higer Kunstlederbezug in Carbon\u2011Optik<\/li>\n<li aria-level=\"1\">Halte\u2011Gummib\u00e4nder<\/li>\n<li aria-level=\"1\">Einfache und schnelle Befestigung<\/li>\n<\/ul>\n<p><b>Produktabmessungen<\/b><\/p>\n<p>H\u00f6he 95 mm | Breite 230 mm | Tiefe 55 mm<\/p>\n<p><b>Herkunft \/ Herstellung<\/b><\/p>\n<ul>\n<li aria-level=\"1\">Montage: Aveyron (Frankreich)<\/li>\n<\/ul>\n<p><b>Produktvorteile<\/b><\/p>\n<ul>\n<li aria-level=\"1\">Verbessert den Komfort f\u00fcr Menschen mit eingeschr\u00e4nkter Mobilit\u00e4t<\/li>\n<li aria-level=\"1\">Steigert die wahrgenommene Servicequalit\u00e4t<\/li>\n<li aria-level=\"1\">Erh\u00f6ht den Mehrwert Ihres Angebots<\/li>\n<\/ul>","protected":false},"excerpt":{"rendered":"<p>Doppelte Kopfst\u00fctze f\u00fcr Menschen mit eingeschr\u00e4nkter Mobilit\u00e4t<br \/>\n<em>Verf\u00fcgbar in 4 Wochen<\/em><\/p>","protected":false},"featured_media":8736,"template":"","meta":[],"product_brand":[],"product_cat":[51,146],"product_tag":[],"class_list":{"0":"post-8714","1":"product","2":"type-product","3":"status-publish","4":"has-post-thumbnail","6":"product_cat-accessoires-nomad-chair","7":"product_cat-nouveau","8":"product_shipping_class-expedition-accessoires","10":"first","11":"instock","12":"taxable","13":"shipping-taxable","14":"purchasable","15":"product-type-simple"},"_links":{"self":[{"href":"https:\/\/www.cadillacstorepro.com\/de\/wp-json\/wp\/v2\/product\/8714","targetHints":{"allow":["GET"]}}],"collection":[{"href":"https:\/\/www.cadillacstorepro.com\/de\/wp-json\/wp\/v2\/product"}],"about":[{"href":"https:\/\/www.cadillacstorepro.com\/de\/wp-json\/wp\/v2\/types\/product"}],"version-history":[{"count":0,"href":"https:\/\/www.cadillacstorepro.com\/de\/wp-json\/wp\/v2\/product\/8714\/revisions"}],"wp:featuredmedia":[{"embeddable":true,"href":"https:\/\/www.cadillacstorepro.com\/de\/wp-json\/wp\/v2\/media\/8736"}],"wp:attachment":[{"href":"https:\/\/www.cadillacstorepro.com\/de\/wp-json\/wp\/v2\/media?parent=8714"}],"wp:term":[{"taxonomy":"product_brand","embeddable":true,"href":"https:\/\/www.cadillacstorepro.com\/de\/wp-json\/wp\/v2\/product_brand?post=8714"},{"taxonomy":"product_cat","embeddable":true,"href":"https:\/\/www.cadillacstorepro.com\/de\/wp-json\/wp\/v2\/product_cat?post=8714"},{"taxonomy":"product_tag","embeddable":true,"href":"https:\/\/www.cadillacstorepro.com\/de\/wp-json\/wp\/v2\/product_tag?post=8714"}],"curies":[{"name":"wp","href":"https:\/\/api.w.org\/{rel}","templated":true}]}}