{"id":8716,"date":"2025-05-27T18:03:52","date_gmt":"2025-05-27T16:03:52","guid":{"rendered":"https:\/\/www.cadillacstorepro.com\/?post_type=product&#038;p=8716"},"modified":"2025-05-30T09:16:36","modified_gmt":"2025-05-30T07:16:36","slug":"nomad-wash","status":"publish","type":"product","link":"https:\/\/www.cadillacstorepro.com\/de\/nomad-chair\/nomad-wash\/","title":{"rendered":"Nomad Wash (demn\u00e4chst erh\u00e4ltlich)"},"content":{"rendered":"<p><b>Verwendung<\/b><\/p>\n<p>Das an die Nomad Chair anpassbare, vollkommen autonome Shampooing\u2011Becken revolutioniert das Haarewaschen und Aussp\u00fclen im mobilen Einsatz. Es befindet sich derzeit in der Prototyp\u2011Phase, die Markteinf\u00fchrung ist f\u00fcr 2025 geplant. Das innovative System verf\u00fcgt \u00fcber einen Frischwassertank und einen Abwassertank sowie eine Pumpe, sodass es \u00fcberall genutzt werden kann \u2013 ganz ohne Wasseranschluss oder Abfluss. Eine integrierte Ablage bietet Platz f\u00fcr Kosmetikprodukte, Schalen oder Handschuhe und erleichtert die Organisation Ihres Arbeitsplatzes. Die flexible Membran\u2011Konstruktion l\u00e4sst sich ultra\u2011kompakt zusammenfalten, sodass das Becken leicht transportiert werden kann. Es kann an der Nomad Chair befestigt werden, um den Transport weiter zu optimieren. Das angestrebte Endgewicht liegt unter 3 kg.<\/p>\n<p><b>Technische Merkmale<\/b><\/p>\n<ul>\n<li aria-level=\"1\">Nur mit der Nomad Chair kompatibel<\/li>\n<li aria-level=\"1\">Faltbar<\/li>\n<li aria-level=\"1\">Leicht zu reinigen<\/li>\n<li aria-level=\"1\">Becken aus flexibler Membran<\/li>\n<li aria-level=\"1\">Transporth\u00fclle<\/li>\n<li aria-level=\"1\">Autark, ben\u00f6tigt keinen Anschluss<\/li>\n<\/ul>\n<p>&nbsp;<\/p>\n<p><b>Herkunft \/ Herstellung<\/b><\/p>\n<ul>\n<li aria-level=\"1\">Tarn (Frankreich)<\/li>\n<\/ul>\n<p>&nbsp;<\/p>\n<p><b>Produktvorteile<\/b><\/p>\n<ul>\n<li aria-level=\"1\">Erm\u00f6glicht ergonomisches Haarewaschen \u2013 \u00fcberall<\/li>\n<li aria-level=\"1\">Keine logistischen H\u00fcrden<\/li>\n<li aria-level=\"1\">Optimale Ergonomie f\u00fcr Profi und Kundschaft<\/li>\n<li aria-level=\"1\">Durchdachtes, wegweisendes Produkt<\/li>\n<\/ul>","protected":false},"excerpt":{"rendered":"<p>Mobiles Shampooing\u2011Becken f\u00fcr die Nomad Chair<\/p>","protected":false},"featured_media":8755,"template":"","meta":[],"product_brand":[],"product_cat":[51,147],"product_tag":[],"class_list":{"0":"post-8716","1":"product","2":"type-product","3":"status-publish","4":"has-post-thumbnail","6":"product_cat-accessoires-nomad-chair","7":"product_cat-prochainement","9":"first","10":"instock","11":"taxable","12":"shipping-taxable","13":"product-type-external"},"_links":{"self":[{"href":"https:\/\/www.cadillacstorepro.com\/de\/wp-json\/wp\/v2\/product\/8716","targetHints":{"allow":["GET"]}}],"collection":[{"href":"https:\/\/www.cadillacstorepro.com\/de\/wp-json\/wp\/v2\/product"}],"about":[{"href":"https:\/\/www.cadillacstorepro.com\/de\/wp-json\/wp\/v2\/types\/product"}],"version-history":[{"count":0,"href":"https:\/\/www.cadillacstorepro.com\/de\/wp-json\/wp\/v2\/product\/8716\/revisions"}],"wp:featuredmedia":[{"embeddable":true,"href":"https:\/\/www.cadillacstorepro.com\/de\/wp-json\/wp\/v2\/media\/8755"}],"wp:attachment":[{"href":"https:\/\/www.cadillacstorepro.com\/de\/wp-json\/wp\/v2\/media?parent=8716"}],"wp:term":[{"taxonomy":"product_brand","embeddable":true,"href":"https:\/\/www.cadillacstorepro.com\/de\/wp-json\/wp\/v2\/product_brand?post=8716"},{"taxonomy":"product_cat","embeddable":true,"href":"https:\/\/www.cadillacstorepro.com\/de\/wp-json\/wp\/v2\/product_cat?post=8716"},{"taxonomy":"product_tag","embeddable":true,"href":"https:\/\/www.cadillacstorepro.com\/de\/wp-json\/wp\/v2\/product_tag?post=8716"}],"curies":[{"name":"wp","href":"https:\/\/api.w.org\/{rel}","templated":true}]}}