{"id":167,"date":"2022-08-30T09:39:42","date_gmt":"2022-08-30T07:39:42","guid":{"rendered":"https:\/\/www.cadillacstorepro.com\/?page_id=167"},"modified":"2025-05-31T12:44:59","modified_gmt":"2025-05-31T10:44:59","slug":"politique-de-cookie","status":"publish","type":"page","link":"https:\/\/www.cadillacstorepro.com\/en\/politique-de-cookie\/","title":{"rendered":"Use of Cookies"},"content":{"rendered":"\t\t<div data-elementor-type=\"wp-page\" data-elementor-id=\"167\" class=\"elementor elementor-167\" data-elementor-post-type=\"page\">\n\t\t\t\t\t\t<section class=\"elementor-section elementor-top-section elementor-element elementor-element-31d9037 elementor-section-stretched elementor-section-boxed elementor-section-height-default elementor-section-height-default\" data-id=\"31d9037\" data-element_type=\"section\" data-e-type=\"section\" data-settings=\"{&quot;stretch_section&quot;:&quot;section-stretched&quot;,&quot;background_background&quot;:&quot;classic&quot;,&quot;background_motion_fx_motion_fx_scrolling&quot;:&quot;yes&quot;,&quot;background_motion_fx_devices&quot;:[&quot;desktop&quot;]}\">\n\t\t\t\t\t\t\t<div class=\"elementor-background-overlay\"><\/div>\n\t\t\t\t\t\t\t<div class=\"elementor-container elementor-column-gap-default\">\n\t\t\t\t\t<div class=\"elementor-column elementor-col-100 elementor-top-column elementor-element elementor-element-245684f\" data-id=\"245684f\" data-element_type=\"column\" data-e-type=\"column\">\n\t\t\t<div class=\"elementor-widget-wrap elementor-element-populated\">\n\t\t\t\t\t\t<div class=\"elementor-element elementor-element-878ee32 elementor-widget elementor-widget-heading\" data-id=\"878ee32\" data-element_type=\"widget\" data-e-type=\"widget\" data-settings=\"{&quot;_animation_mobile&quot;:&quot;fadeInDown&quot;}\" data-widget_type=\"heading.default\">\n\t\t\t\t\t<h2 class=\"elementor-heading-title elementor-size-default\">Politique de cookie<\/h2>\t\t\t\t<\/div>\n\t\t\t\t<section class=\"elementor-section elementor-inner-section elementor-element elementor-element-3148e85 elementor-section-boxed elementor-section-height-default elementor-section-height-default\" data-id=\"3148e85\" data-element_type=\"section\" data-e-type=\"section\">\n\t\t\t\t\t\t<div class=\"elementor-container elementor-column-gap-default\">\n\t\t\t\t\t<div class=\"elementor-column elementor-col-100 elementor-inner-column elementor-element elementor-element-565f2a9 elementor-invisible\" data-id=\"565f2a9\" data-element_type=\"column\" data-e-type=\"column\" data-settings=\"{&quot;animation&quot;:&quot;fadeIn&quot;}\">\n\t\t\t<div class=\"elementor-widget-wrap elementor-element-populated\">\n\t\t\t\t\t\t<div class=\"elementor-element elementor-element-cc4c815 elementor-widget elementor-widget-heading\" data-id=\"cc4c815\" data-element_type=\"widget\" data-e-type=\"widget\" data-widget_type=\"heading.default\">\n\t\t\t\t\t<h2 class=\"elementor-heading-title elementor-size-default\">Qu\u2019est-ce qu\u2019un cookie ?<\/h2>\t\t\t\t<\/div>\n\t\t\t\t<div class=\"elementor-element elementor-element-0e5a1b2 elementor-widget elementor-widget-text-editor\" data-id=\"0e5a1b2\" data-element_type=\"widget\" data-e-type=\"widget\" data-widget_type=\"text-editor.default\">\n\t\t\t\t\t\t\t\t\t<p>Un cookie (ou traceur \u00bb) est un petit fichier d\u00e9pos\u00e9 via votre navigateur sur votre terminal (ordinateur, tablette, ou tout autre appareil connect\u00e9 \u00e0 Internet) lors de la consultation d\u2019un site Internet, d\u2019une utilisation d\u2019un logiciel ou d\u2019une application mobile.<\/p><p>Cadillac Barber est susceptible d\u2019utiliser les cookies \u00e0 des fins de mesure d\u2019audience.<\/p>\t\t\t\t\t\t\t\t<\/div>\n\t\t\t\t\t<\/div>\n\t\t<\/div>\n\t\t\t\t\t<\/div>\n\t\t<\/section>\n\t\t\t\t<section class=\"elementor-section elementor-inner-section elementor-element elementor-element-fe33a87 elementor-section-boxed elementor-section-height-default elementor-section-height-default\" data-id=\"fe33a87\" data-element_type=\"section\" data-e-type=\"section\">\n\t\t\t\t\t\t<div class=\"elementor-container elementor-column-gap-default\">\n\t\t\t\t\t<div class=\"elementor-column elementor-col-100 elementor-inner-column elementor-element elementor-element-c4c0466 elementor-invisible\" data-id=\"c4c0466\" data-element_type=\"column\" data-e-type=\"column\" data-settings=\"{&quot;animation&quot;:&quot;fadeIn&quot;}\">\n\t\t\t<div class=\"elementor-widget-wrap elementor-element-populated\">\n\t\t\t\t\t\t<div class=\"elementor-element elementor-element-035c446 elementor-widget elementor-widget-heading\" data-id=\"035c446\" data-element_type=\"widget\" data-e-type=\"widget\" data-widget_type=\"heading.default\">\n\t\t\t\t\t<h2 class=\"elementor-heading-title elementor-size-default\">Quel cookie utilisons-nous ?<\/h2>\t\t\t\t<\/div>\n\t\t\t\t<div class=\"elementor-element elementor-element-9e96110 elementor-widget elementor-widget-text-editor\" data-id=\"9e96110\" data-element_type=\"widget\" data-e-type=\"widget\" data-widget_type=\"text-editor.default\">\n\t\t\t\t\t\t\t\t\t<p><strong>Cookies techniques et statistiques<\/strong><\/p><p>Les cookies techniques sont essentiels et indispensables au bon fonctionnement du Site et vous permettent d&rsquo;utiliser les fonctionnalit\u00e9s de base (ex : acc\u00e8s compte client, ajout un produit au panier, maintien de votre session active durant la navigation, etc).<\/p><p>Les cookies statistiques permettent d\u2019\u00e9tablir des mesures d\u2019audience et statistiques de visites des pages de notre site, de mani\u00e8re totalement anonyme.<\/p><p><strong>Cookies de service et de personnalisation<\/strong><\/p><p>Ces cookies apportent du confort \u00e0 votre navigation, sans pour autant \u00eatre n\u00e9cessaires \u00e0 la bonne utilisation du site. Ils requi\u00e8rent un consentement de votre part.<\/p><p>Ces cookies peuvent permettre, par exemple :<\/p><p>D\u2019avoir une s\u00e9lection de produits recommand\u00e9s en fonction de votre navigation ;<br \/>D\u2019effectuer des analyses sur les produits consult\u00e9s, taux de conversion ;<\/p><p><strong>Cookies publicitaires<\/strong><\/p><p>Ces cookies, g\u00e9n\u00e9ralement plac\u00e9s par des tiers apr\u00e8s obtention de notre accord, enregistrent votre navigation sur notre site, les pages consult\u00e9es, les liens suivis, ainsi que votre navigation en dehors de notre site.<\/p><p>Ces cookies permettent de vous proposer des publicit\u00e9s plus adapt\u00e9es \u00e0 vos attentes et centres d\u2019int\u00e9r\u00eats en fonction des informations recueillies lors de votre navigation.<\/p><p>Ces cookies ne sont pas indispensables au bon fonctionnement de notre site, et requi\u00e8rent votre consentement. Le refus de ces cookies n\u2019emp\u00eachera n\u00e9anmoins pas l\u2019affichage de publicit\u00e9.<\/p>\t\t\t\t\t\t\t\t<\/div>\n\t\t\t\t\t<\/div>\n\t\t<\/div>\n\t\t\t\t\t<\/div>\n\t\t<\/section>\n\t\t\t\t<section class=\"elementor-section elementor-inner-section elementor-element elementor-element-63e4a3f elementor-section-boxed elementor-section-height-default elementor-section-height-default\" data-id=\"63e4a3f\" data-element_type=\"section\" data-e-type=\"section\">\n\t\t\t\t\t\t<div class=\"elementor-container elementor-column-gap-default\">\n\t\t\t\t\t<div class=\"elementor-column elementor-col-100 elementor-inner-column elementor-element elementor-element-f1d1981 elementor-invisible\" data-id=\"f1d1981\" data-element_type=\"column\" data-e-type=\"column\" data-settings=\"{&quot;animation&quot;:&quot;fadeIn&quot;}\">\n\t\t\t<div class=\"elementor-widget-wrap elementor-element-populated\">\n\t\t\t\t\t\t<div class=\"elementor-element elementor-element-043b5d2 elementor-widget elementor-widget-heading\" data-id=\"043b5d2\" data-element_type=\"widget\" data-e-type=\"widget\" data-widget_type=\"heading.default\">\n\t\t\t\t\t<h2 class=\"elementor-heading-title elementor-size-default\">Comment param\u00e9trer les cookies ?<\/h2>\t\t\t\t<\/div>\n\t\t\t\t<div class=\"elementor-element elementor-element-34e89f8 elementor-widget elementor-widget-text-editor\" data-id=\"34e89f8\" data-element_type=\"widget\" data-e-type=\"widget\" data-widget_type=\"text-editor.default\">\n\t\t\t\t\t\t\t\t\t<p><strong>Param\u00e9trer votre navigateur<\/strong><br \/>Vous pouvez param\u00e9trer l\u2019enregistrement automatique ou non de vos cookies sur votre logiciel de navigation. Vous pouvez \u00e9galement demander \u00e0 votre logiciel de navigation une acceptation ponctuelle des cookies. A noter que le refus des cookies peut \u00eatre susceptible d\u2019engendrer des indisponibilit\u00e9s de certaines fonctionnalit\u00e9s de notre site.<\/p>\t\t\t\t\t\t\t\t<\/div>\n\t\t\t\t<div class=\"elementor-element elementor-element-4de3552 elementor-widget elementor-widget-text-editor\" data-id=\"4de3552\" data-element_type=\"widget\" data-e-type=\"widget\" data-widget_type=\"text-editor.default\">\n\t\t\t\t\t\t\t\t\t<p><strong>Le param\u00e9trage est sp\u00e9cifique \u00e0 chaque navigateur :<\/strong><br \/>Internet Explorer\u2122 : https:\/\/support.microsoft.com\/fr-fr\/windows\/supprimer-et-g%C3%A9rer-les-cookies-168dab11-0753-043d-7c16-ede5947fc64d<br \/>Chrome\u2122 : https:\/\/support.google.com\/chrome\/answer\/95647?hl=fr&amp;hlrm=en<br \/>Safari\u2122 : https:\/\/support.apple.com\/en-us\/HT201265<br \/>Firefox\u2122 : https:\/\/support.mozilla.org\/fr\/kb\/protection-renforcee-contre-pistage-firefox-ordinateur?redirectslug=Activer+et+d%C3%A9sactiver+les+cookies&amp;redirectlocale=fr<br \/>Opera\u2122 : https:\/\/help.opera.com\/en\/latest\/web-preferences\/#cookies<br \/>Utiliser une plateforme de gestion de cookies:<br \/>Vous pouvez d\u00e9cider de refuser param\u00e8trer vos pr\u00e9f\u00e9rences en utilisation l&rsquo;outil fourni sur ce site (https:\/\/www.youronlinechoices.com\/fr\/)<\/p>\t\t\t\t\t\t\t\t<\/div>\n\t\t\t\t\t<\/div>\n\t\t<\/div>\n\t\t\t\t\t<\/div>\n\t\t<\/section>\n\t\t\t\t\t<\/div>\n\t\t<\/div>\n\t\t\t\t\t<\/div>\n\t\t<\/section>\n\t\t\t\t<\/div>\n\t\t","protected":false},"excerpt":{"rendered":"<p>Politique de cookie Qu\u2019est-ce qu\u2019un cookie ? Un cookie (ou traceur \u00bb) est un petit fichier d\u00e9pos\u00e9 via votre navigateur sur votre terminal (ordinateur, tablette, ou tout autre appareil connect\u00e9 \u00e0 Internet) lors de la consultation d\u2019un site Internet, d\u2019une utilisation d\u2019un logiciel ou d\u2019une application mobile. Cadillac Barber est susceptible d\u2019utiliser les cookies \u00e0 [&hellip;]<\/p>\n","protected":false},"author":3,"featured_media":0,"parent":0,"menu_order":0,"comment_status":"closed","ping_status":"closed","template":"","meta":{"footnotes":""},"class_list":["post-167","page","type-page","status-publish","hentry"],"_links":{"self":[{"href":"https:\/\/www.cadillacstorepro.com\/en\/wp-json\/wp\/v2\/pages\/167","targetHints":{"allow":["GET"]}}],"collection":[{"href":"https:\/\/www.cadillacstorepro.com\/en\/wp-json\/wp\/v2\/pages"}],"about":[{"href":"https:\/\/www.cadillacstorepro.com\/en\/wp-json\/wp\/v2\/types\/page"}],"author":[{"embeddable":true,"href":"https:\/\/www.cadillacstorepro.com\/en\/wp-json\/wp\/v2\/users\/3"}],"replies":[{"embeddable":true,"href":"https:\/\/www.cadillacstorepro.com\/en\/wp-json\/wp\/v2\/comments?post=167"}],"version-history":[{"count":0,"href":"https:\/\/www.cadillacstorepro.com\/en\/wp-json\/wp\/v2\/pages\/167\/revisions"}],"wp:attachment":[{"href":"https:\/\/www.cadillacstorepro.com\/en\/wp-json\/wp\/v2\/media?parent=167"}],"curies":[{"name":"wp","href":"https:\/\/api.w.org\/{rel}","templated":true}]}}