{"id":2747,"date":"2022-10-19T15:25:19","date_gmt":"2022-10-19T13:25:19","guid":{"rendered":"https:\/\/www.cadillacstorepro.com\/panier\/"},"modified":"2025-05-03T17:27:36","modified_gmt":"2025-05-03T15:27:36","slug":"panier","status":"publish","type":"page","link":"https:\/\/www.cadillacstorepro.com\/es\/panier\/","title":{"rendered":"Carrito"},"content":{"rendered":"<div data-elementor-type=\"wp-page\" data-elementor-id=\"2747\" class=\"elementor elementor-2747\" data-elementor-post-type=\"page\">\n\t\t\t\t<div class=\"elementor-element elementor-element-8623cdc e-flex e-con-boxed e-con e-parent\" data-id=\"8623cdc\" data-element_type=\"container\" data-e-type=\"container\" data-settings=\"{&quot;background_background&quot;:&quot;classic&quot;}\">\n\t\t\t\t\t<div class=\"e-con-inner\">\n\t\t\t\t<div class=\"elementor-element elementor-element-678dba8 elementor-widget elementor-widget-heading\" data-id=\"678dba8\" data-element_type=\"widget\" data-e-type=\"widget\" data-widget_type=\"heading.default\">\n\t\t\t\t\t<h2 class=\"elementor-heading-title elementor-size-default\">Carrito<\/h2>\t\t\t\t<\/div>\n\t\t\t\t<div class=\"elementor-element elementor-element-46a33ad elementor-widget elementor-widget-text-editor\" data-id=\"46a33ad\" data-element_type=\"widget\" data-e-type=\"widget\" data-widget_type=\"text-editor.default\">\n\t\t\t\t\t\t\t\t\t<span style=\"color: #d1b290;\">\u00bfNecesitas ayuda? <a style=\"color: #d1b290;\" href=\"#me-rappeler\"><span style=\"text-decoration: underline;\">Haz clic aqu\u00ed<\/span><\/a><\/span>\t\t\t\t\t\t\t\t<\/div>\n\t\t\t\t\t<\/div>\n\t\t\t\t<\/div>\n\t\t<div class=\"elementor-element elementor-element-ef8603d e-flex e-con-boxed e-con e-parent\" data-id=\"ef8603d\" data-element_type=\"container\" data-e-type=\"container\" data-settings=\"{&quot;background_background&quot;:&quot;classic&quot;}\">\n\t\t\t\t\t<div class=\"e-con-inner\">\n\t\t\t\t<div class=\"elementor-element elementor-element-c52b2a2 elementor-hidden-desktop elementor-hidden-tablet elementor-hidden-mobile elementor-widget elementor-widget-text-editor\" data-id=\"c52b2a2\" data-element_type=\"widget\" data-e-type=\"widget\" data-widget_type=\"text-editor.default\">\n\t\t\t\t\t\t\t\t\t<p>Si el producto pedido est\u00e1 en stock, el tiempo de entrega es de 3 a 5 d\u00edas. <br \/>Si le produit command\u00e9 est en r\u00e9approvisionnement, le d\u00e9lai de livraison est de 2 \u00e0 4 mois.<\/p>\t\t\t\t\t\t\t\t<\/div>\n\t\t\t\t\t<\/div>\n\t\t\t\t<\/div>\n\t\t\t\t<\/div>","protected":false},"excerpt":{"rendered":"<p>Panier Besoin d&rsquo;aide ? Cliquez-ici Supprimer l\u2019\u00e9l\u00e9ment Miniature Produit Prix Quantit\u00e9 Sous-total &times; Fullblack 2 458.00&nbsp;&euro; quantit\u00e9 de Fullblack 2 458.00&nbsp;&euro; Votre commande Sous-total 2 458.00&nbsp;&euro; TVA 491.60&nbsp;&euro; Total 2 949.60&nbsp;&euro; Finaliser votre commande Si le produit command\u00e9 est en stock, le d\u00e9lai de livraison est de 3 \u00e0 5 jours. Si le produit command\u00e9 [&hellip;]<\/p>\n","protected":false},"author":5,"featured_media":0,"parent":0,"menu_order":0,"comment_status":"closed","ping_status":"closed","template":"","meta":{"footnotes":""},"class_list":["post-2747","page","type-page","status-publish","hentry"],"_links":{"self":[{"href":"https:\/\/www.cadillacstorepro.com\/es\/wp-json\/wp\/v2\/pages\/2747","targetHints":{"allow":["GET"]}}],"collection":[{"href":"https:\/\/www.cadillacstorepro.com\/es\/wp-json\/wp\/v2\/pages"}],"about":[{"href":"https:\/\/www.cadillacstorepro.com\/es\/wp-json\/wp\/v2\/types\/page"}],"author":[{"embeddable":true,"href":"https:\/\/www.cadillacstorepro.com\/es\/wp-json\/wp\/v2\/users\/5"}],"replies":[{"embeddable":true,"href":"https:\/\/www.cadillacstorepro.com\/es\/wp-json\/wp\/v2\/comments?post=2747"}],"version-history":[{"count":0,"href":"https:\/\/www.cadillacstorepro.com\/es\/wp-json\/wp\/v2\/pages\/2747\/revisions"}],"wp:attachment":[{"href":"https:\/\/www.cadillacstorepro.com\/es\/wp-json\/wp\/v2\/media?parent=2747"}],"curies":[{"name":"wp","href":"https:\/\/api.w.org\/{rel}","templated":true}]}}