{"id":8912,"date":"2025-06-27T17:08:38","date_gmt":"2025-06-27T15:08:38","guid":{"rendered":"https:\/\/www.cadillacstorepro.com\/?page_id=8912"},"modified":"2025-10-29T08:57:01","modified_gmt":"2025-10-29T07:57:01","slug":"liste","status":"publish","type":"page","link":"https:\/\/www.cadillacstorepro.com\/es\/liste\/","title":{"rendered":"Liste d&rsquo;attente"},"content":{"rendered":"\t\t<div data-elementor-type=\"wp-page\" data-elementor-id=\"8912\" class=\"elementor elementor-8912\" data-elementor-post-type=\"page\">\n\t\t\t\t<div class=\"elementor-element elementor-element-29cc165 e-flex e-con-boxed e-con e-parent\" data-id=\"29cc165\" data-element_type=\"container\" data-e-type=\"container\" data-settings=\"{&quot;background_background&quot;:&quot;classic&quot;}\">\n\t\t\t\t\t<div class=\"e-con-inner\">\n\t\t\t\t<div class=\"elementor-element elementor-element-f08ab58 elementor-widget__width-inherit elementor-invisible elementor-widget elementor-widget-heading\" data-id=\"f08ab58\" data-element_type=\"widget\" data-e-type=\"widget\" data-settings=\"{&quot;_animation&quot;:&quot;zoomIn&quot;}\" data-widget_type=\"heading.default\">\n\t\t\t\t\t<h3 class=\"elementor-heading-title elementor-size-default\">La Nomad Chair est en rupture...<\/h3>\t\t\t\t<\/div>\n\t\t\t\t<div class=\"elementor-element elementor-element-ad5c24a elementor-widget__width-inherit elementor-invisible elementor-widget elementor-widget-heading\" data-id=\"ad5c24a\" data-element_type=\"widget\" data-e-type=\"widget\" data-settings=\"{&quot;_animation&quot;:&quot;zoomIn&quot;}\" data-widget_type=\"heading.default\">\n\t\t\t\t\t<h3 class=\"elementor-heading-title elementor-size-default\">Mais elle revient bient\u00f4t !<\/h3>\t\t\t\t<\/div>\n\t\t\t\t<div class=\"elementor-element elementor-element-3ff7cf1 elementor-widget elementor-widget-image\" data-id=\"3ff7cf1\" data-element_type=\"widget\" data-e-type=\"widget\" data-widget_type=\"image.default\">\n\t\t\t\t\t\t\t\t\t\t\t\t\t\t\t<img fetchpriority=\"high\" decoding=\"async\" width=\"800\" height=\"800\" src=\"https:\/\/www.cadillacstorepro.com\/wp-content\/uploads\/2023\/09\/nomad-chair-cadillac-store-1024x1024.jpg\" class=\"attachment-large size-large wp-image-8659\" alt=\"Nomad Chair Cadillac Store\" srcset=\"https:\/\/www.cadillacstorepro.com\/wp-content\/uploads\/2023\/09\/nomad-chair-cadillac-store-1024x1024.jpg 1024w, https:\/\/www.cadillacstorepro.com\/wp-content\/uploads\/2023\/09\/nomad-chair-cadillac-store-300x300.jpg 300w, https:\/\/www.cadillacstorepro.com\/wp-content\/uploads\/2023\/09\/nomad-chair-cadillac-store-150x150.jpg 150w, https:\/\/www.cadillacstorepro.com\/wp-content\/uploads\/2023\/09\/nomad-chair-cadillac-store-768x768.jpg 768w, https:\/\/www.cadillacstorepro.com\/wp-content\/uploads\/2023\/09\/nomad-chair-cadillac-store-1536x1536.jpg 1536w, https:\/\/www.cadillacstorepro.com\/wp-content\/uploads\/2023\/09\/nomad-chair-cadillac-store-12x12.jpg 12w, https:\/\/www.cadillacstorepro.com\/wp-content\/uploads\/2023\/09\/nomad-chair-cadillac-store-600x600.jpg 600w, https:\/\/www.cadillacstorepro.com\/wp-content\/uploads\/2023\/09\/nomad-chair-cadillac-store-100x100.jpg 100w, https:\/\/www.cadillacstorepro.com\/wp-content\/uploads\/2023\/09\/nomad-chair-cadillac-store.jpg 1600w\" sizes=\"(max-width: 800px) 100vw, 800px\" title=\"Cadillac Store,\">\t\t\t\t\t\t\t\t\t\t\t\t\t\t\t<\/div>\n\t\t\t\t<div class=\"elementor-element elementor-element-7c8fbee elementor-widget__width-inherit elementor-invisible elementor-widget elementor-widget-heading\" data-id=\"7c8fbee\" data-element_type=\"widget\" data-e-type=\"widget\" data-settings=\"{&quot;_animation&quot;:&quot;fadeIn&quot;}\" data-widget_type=\"heading.default\">\n\t\t\t\t\t<h4 class=\"elementor-heading-title elementor-size-default\">victime de son succ\u00e8s !<\/h4>\t\t\t\t<\/div>\n\t\t\t\t<div class=\"elementor-element elementor-element-354f353 elementor-widget__width-initial elementor-widget elementor-widget-text-editor\" data-id=\"354f353\" data-element_type=\"widget\" data-e-type=\"widget\" data-widget_type=\"text-editor.default\">\n\t\t\t\t\t\t\t\t\t<p style=\"text-align: center;\" data-start=\"196\" data-end=\"340\"><strong data-start=\"196\" data-end=\"243\">Laur\u00e9ate du Grand Prix de l\u2019Innovation 2025<\/strong>, la <strong data-start=\"248\" data-end=\"263\">Nomad Chair<\/strong> a une fois de plus s\u00e9duit, les professionnels de la beaut\u00e9 nomade en un temps record ! <strong data-start=\"342\" data-end=\"407\">Confortable, robuste, inclinable et 100 % fabriqu\u00e9e en France<\/strong>, elle offre toute l\u2019ergonomie d\u2019un fauteuil de salon <strong data-start=\"468\" data-end=\"493\">partout o\u00f9 vous exercez.<\/strong><\/p><p style=\"text-align: center;\" data-start=\"384\" data-end=\"561\">Apr\u00e8s 3 s\u00e9ries \u00e9coul\u00e9es en un temps record, <strong data-start=\"431\" data-end=\"458\">la 4\u1d49 production arrive<\/strong> mais les r\u00e9servations partent vite ! <br \/>Ne ratez pas la prochaine vague \u2014 <strong data-start=\"527\" data-end=\"561\">inscrivez-vous d\u00e8s maintenant.<\/strong><\/p>\t\t\t\t\t\t\t\t<\/div>\n\t\t\t\t<div class=\"elementor-element elementor-element-7824e2b elementor-widget-divider--view-line elementor-widget elementor-widget-divider\" data-id=\"7824e2b\" data-element_type=\"widget\" data-e-type=\"widget\" data-widget_type=\"divider.default\">\n\t\t\t\t\t\t\t<div class=\"elementor-divider\">\n\t\t\t<span class=\"elementor-divider-separator\">\n\t\t\t\t\t\t<\/span>\n\t\t<\/div>\n\t\t\t\t\t\t<\/div>\n\t\t\t\t<div class=\"elementor-element elementor-element-d63827c elementor-widget__width-inherit elementor-invisible elementor-widget elementor-widget-heading\" data-id=\"d63827c\" data-element_type=\"widget\" data-e-type=\"widget\" data-settings=\"{&quot;_animation&quot;:&quot;zoomIn&quot;}\" data-widget_type=\"heading.default\">\n\t\t\t\t\t<h3 class=\"elementor-heading-title elementor-size-default\"> Rejoignez la liste d\u2019attente exclusive !<\/h3>\t\t\t\t<\/div>\n\t\t<div class=\"elementor-element elementor-element-07ac3fb e-con-full e-flex e-con e-child\" data-id=\"07ac3fb\" data-element_type=\"container\" data-e-type=\"container\">\n\t\t\t\t<div class=\"elementor-element elementor-element-cf259d6 elementor-button-align-stretch elementor-widget elementor-widget-form\" data-id=\"cf259d6\" data-element_type=\"widget\" data-e-type=\"widget\" data-settings=\"{&quot;step_next_label&quot;:&quot;Suivant&quot;,&quot;step_previous_label&quot;:&quot;Pr\\u00e9c\\u00e9dent&quot;,&quot;button_width&quot;:&quot;100&quot;,&quot;step_type&quot;:&quot;number_text&quot;,&quot;step_icon_shape&quot;:&quot;circle&quot;}\" data-widget_type=\"form.default\">\n\t\t\t\t\t\t\t<form class=\"elementor-form\" method=\"post\" name=\"Nouveau formulaire\" aria-label=\"Nouveau formulaire\">\r\n\t\t\t<input type=\"hidden\" name=\"post_id\" value=\"8912\"\/>\r\n\t\t\t<input type=\"hidden\" name=\"form_id\" value=\"cf259d6\"\/>\r\n\t\t\t<input type=\"hidden\" name=\"referer_title\" value=\"\" \/>\r\n\r\n\t\t\t\r\n\t\t\t<div class=\"elementor-form-fields-wrapper elementor-labels-\">\r\n\t\t\t\t\t\t\t\t<div class=\"elementor-field-type-email elementor-field-group elementor-column elementor-field-group-field_698e0a0 elementor-col-100\">\r\n\t\t\t\t\t\t\t\t\t\t\t\t\t<input size=\"1\" type=\"email\" name=\"form_fields[field_698e0a0]\" id=\"form-field-field_698e0a0\" class=\"elementor-field elementor-size-sm  elementor-field-textual\" placeholder=\"Adresse email\">\r\n\t\t\t\t\t\t\t\t\t\t\t<\/div>\r\n\t\t\t\t\t\t\t\t<div class=\"elementor-field-type-text elementor-field-group elementor-column elementor-field-group-field_5118124 elementor-col-100\">\r\n\t\t\t\t\t\t\t\t\t\t\t\t<label for=\"form-field-field_5118124\" class=\"elementor-field-label elementor-screen-only\">\r\n\t\t\t\t\t\t\t\tT\u00e9l\u00e9phone\t\t\t\t\t\t\t<\/label>\r\n\t\t\t\t\t\t\t\t\t\t\t\t\t\t<input size=\"1\" type=\"text\" name=\"form_fields[field_5118124]\" id=\"form-field-field_5118124\" class=\"elementor-field elementor-size-sm  elementor-field-textual\" placeholder=\"T\u00e9l\u00e9phone\">\r\n\t\t\t\t\t\t\t\t\t\t\t<\/div>\r\n\t\t\t\t\t\t\t\t<div class=\"elementor-field-type-acceptance elementor-field-group elementor-column elementor-field-group-field_2847d2e elementor-col-100\">\r\n\t\t\t\t\t\t\t<div class=\"elementor-field-subgroup\">\r\n\t\t\t<span class=\"elementor-field-option\">\r\n\t\t\t\t<input type=\"checkbox\" name=\"form_fields[field_2847d2e]\" id=\"form-field-field_2847d2e\" class=\"elementor-field elementor-size-sm  elementor-acceptance-field\">\r\n\t\t\t\t<label for=\"form-field-field_2847d2e\">Je pr\u00e9f\u00e8re \u00eatre averti\u00b7e par SMS<\/label>\t\t\t<\/span>\r\n\t\t<\/div>\r\n\t\t\t\t\t\t<\/div>\r\n\t\t\t\t\t\t\t\t<div class=\"elementor-field-type-acceptance elementor-field-group elementor-column elementor-field-group-field_41fdf12 elementor-col-100 elementor-field-required\">\r\n\t\t\t\t\t\t\t<div class=\"elementor-field-subgroup\">\r\n\t\t\t<span class=\"elementor-field-option\">\r\n\t\t\t\t<input type=\"checkbox\" name=\"form_fields[field_41fdf12]\" id=\"form-field-field_41fdf12\" class=\"elementor-field elementor-size-sm  elementor-acceptance-field\" required=\"required\">\r\n\t\t\t\t<label for=\"form-field-field_41fdf12\">J\u2019accepte que mes informations soient utilis\u00e9es pour m'informer du retour en stock et des nouveaut\u00e9s de la marque Cadillac Store.<\/label>\t\t\t<\/span>\r\n\t\t<\/div>\r\n\t\t\t\t\t\t<\/div>\r\n\t\t\t\t\t\t\t\t<div class=\"elementor-field-type-text\">\r\n\t\t\t\t\t<input size=\"1\" type=\"text\" name=\"form_fields[field_c3877f7]\" id=\"form-field-field_c3877f7\" class=\"elementor-field elementor-size-sm \" style=\"display:none !important;\">\t\t\t\t<\/div>\r\n\t\t\t\t\t\t\t\t<div class=\"elementor-field-type-recaptcha_v3 elementor-field-group elementor-column elementor-field-group-field_bae0d71 elementor-col-100 recaptcha_v3-bottomright\">\r\n\t\t\t\t\t<div class=\"elementor-field\" id=\"form-field-field_bae0d71\"><div class=\"elementor-g-recaptcha\" data-sitekey=\"6LfTxc8pAAAAAJ0wgeLLpDk3qpCQC7eRZeVuN0Rm\" data-type=\"v3\" data-action=\"Form\" data-badge=\"bottomright\" data-size=\"invisible\"><\/div><\/div>\t\t\t\t<\/div>\r\n\t\t\t\t\t\t\t\t<div class=\"elementor-field-group elementor-column elementor-field-type-submit elementor-col-100 e-form__buttons\">\r\n\t\t\t\t\t<button class=\"elementor-button elementor-size-sm\" type=\"submit\">\r\n\t\t\t\t\t\t<span class=\"elementor-button-content-wrapper\">\r\n\t\t\t\t\t\t\t\t\t\t\t\t\t\t\t\t\t\t\t\t\t\t<span class=\"elementor-button-text\">Envoyer<\/span>\r\n\t\t\t\t\t\t\t\t\t\t\t\t\t<\/span>\r\n\t\t\t\t\t<\/button>\r\n\t\t\t\t<\/div>\r\n\t\t\t<\/div>\r\n\t\t<\/form>\r\n\t\t\t\t\t\t<\/div>\n\t\t\t\t<\/div>\n\t\t\t\t\t<\/div>\n\t\t\t\t<\/div>\n\t\t\t\t<\/div>\n\t\t","protected":false},"excerpt":{"rendered":"<p>La Nomad Chair est en rupture&#8230; Mais elle revient bient\u00f4t ! victime de son succ\u00e8s ! Laur\u00e9ate du Grand Prix de l\u2019Innovation 2025, la Nomad Chair a une fois de plus s\u00e9duit, les professionnels de la beaut\u00e9 nomade en un temps record ! Confortable, robuste, inclinable et 100 % fabriqu\u00e9e en France, elle offre toute [&hellip;]<\/p>\n","protected":false},"author":4,"featured_media":0,"parent":0,"menu_order":0,"comment_status":"closed","ping_status":"closed","template":"","meta":{"footnotes":""},"class_list":["post-8912","page","type-page","status-publish","hentry"],"_links":{"self":[{"href":"https:\/\/www.cadillacstorepro.com\/es\/wp-json\/wp\/v2\/pages\/8912","targetHints":{"allow":["GET"]}}],"collection":[{"href":"https:\/\/www.cadillacstorepro.com\/es\/wp-json\/wp\/v2\/pages"}],"about":[{"href":"https:\/\/www.cadillacstorepro.com\/es\/wp-json\/wp\/v2\/types\/page"}],"author":[{"embeddable":true,"href":"https:\/\/www.cadillacstorepro.com\/es\/wp-json\/wp\/v2\/users\/4"}],"replies":[{"embeddable":true,"href":"https:\/\/www.cadillacstorepro.com\/es\/wp-json\/wp\/v2\/comments?post=8912"}],"version-history":[{"count":0,"href":"https:\/\/www.cadillacstorepro.com\/es\/wp-json\/wp\/v2\/pages\/8912\/revisions"}],"wp:attachment":[{"href":"https:\/\/www.cadillacstorepro.com\/es\/wp-json\/wp\/v2\/media?parent=8912"}],"curies":[{"name":"wp","href":"https:\/\/api.w.org\/{rel}","templated":true}]}}