{"id":6015,"date":"2024-03-21T03:16:44","date_gmt":"2024-03-21T02:16:44","guid":{"rendered":"https:\/\/www.cadillacstorepro.com\/?post_type=product&#038;p=6015"},"modified":"2026-02-17T09:49:56","modified_gmt":"2026-02-17T08:49:56","slug":"nomad-protect","status":"publish","type":"product","link":"https:\/\/www.cadillacstorepro.com\/es\/nomad-chair\/nomad-protect\/","title":{"rendered":"Nomad Protect"},"content":{"rendered":"<p>Protege y transporta tu Nomad Chair de forma segura con nuestro manto dedicado. Dise\u00f1ado para ajustarse perfectamente a la silla plegada, se fija f\u00e1cilmente gracias a una pr\u00e1ctica cremallera, permitiendo el acceso a las ruedas para un f\u00e1cil desplazamiento. La cremallera superior ofrece un acceso r\u00e1pido al reposacabezas y al reposabrazos, facilitando la manipulaci\u00f3n y el transporte.<\/p>\n<p><strong>Dimensiones del producto<\/strong><br \/>\nAltura 541 mm | Ancho 581 mm | Profundidad 193 mm<\/p>\n<p><strong>Origen \/ Dise\u00f1o<\/strong><br \/>\nEnsamblaje: Aveyron (FR)<\/p>\n<p><strong>Ventajas del producto<\/strong><br \/>\nProtege la pintura del producto<br \/>\nPosibilidad de bordar y mejorar la imagen de marca durante el transporte<\/p>\n<p><b>Entrega<br \/>\n<\/b>Env\u00edo producto suelto: 72 horas<br \/>\nPlazo con Nomad Chair: Igual que la silla<\/p>","protected":false},"excerpt":{"rendered":"<p><strong>Manto de protecci\u00f3n para NOMAD CHAIR<\/strong><\/p>\n<p>No dejes tu NOMAD CHAIR sin protecci\u00f3n. \u00a1Compra ahora esta protecci\u00f3n a medida para garantizar la durabilidad de tu silla!<\/p>\n<p>Entrega: 72h<\/p>","protected":false},"featured_media":6359,"template":"","meta":[],"product_brand":[],"product_cat":[51],"product_tag":[],"class_list":{"0":"post-6015","1":"product","2":"type-product","3":"status-publish","4":"has-post-thumbnail","6":"product_cat-accessoires-nomad-chair","7":"product_shipping_class-expedition-petit-colis","9":"first","10":"instock","11":"taxable","12":"shipping-taxable","13":"purchasable","14":"product-type-simple"},"_links":{"self":[{"href":"https:\/\/www.cadillacstorepro.com\/es\/wp-json\/wp\/v2\/product\/6015","targetHints":{"allow":["GET"]}}],"collection":[{"href":"https:\/\/www.cadillacstorepro.com\/es\/wp-json\/wp\/v2\/product"}],"about":[{"href":"https:\/\/www.cadillacstorepro.com\/es\/wp-json\/wp\/v2\/types\/product"}],"version-history":[{"count":0,"href":"https:\/\/www.cadillacstorepro.com\/es\/wp-json\/wp\/v2\/product\/6015\/revisions"}],"wp:featuredmedia":[{"embeddable":true,"href":"https:\/\/www.cadillacstorepro.com\/es\/wp-json\/wp\/v2\/media\/6359"}],"wp:attachment":[{"href":"https:\/\/www.cadillacstorepro.com\/es\/wp-json\/wp\/v2\/media?parent=6015"}],"wp:term":[{"taxonomy":"product_brand","embeddable":true,"href":"https:\/\/www.cadillacstorepro.com\/es\/wp-json\/wp\/v2\/product_brand?post=6015"},{"taxonomy":"product_cat","embeddable":true,"href":"https:\/\/www.cadillacstorepro.com\/es\/wp-json\/wp\/v2\/product_cat?post=6015"},{"taxonomy":"product_tag","embeddable":true,"href":"https:\/\/www.cadillacstorepro.com\/es\/wp-json\/wp\/v2\/product_tag?post=6015"}],"curies":[{"name":"wp","href":"https:\/\/api.w.org\/{rel}","templated":true}]}}